{"id":4729,"date":"2024-03-18T13:46:29","date_gmt":"2024-03-18T12:46:29","guid":{"rendered":"https:\/\/www.lavoisier.com\/?page_id=4729"},"modified":"2025-07-10T19:21:40","modified_gmt":"2025-07-10T17:21:40","slug":"in-licensing","status":"publish","type":"page","link":"https:\/\/www.lavoisier.com\/es\/in-licensing\/","title":{"rendered":"In-Licensing"},"content":{"rendered":"<p><div class=\"fusion-fullwidth fullwidth-box fusion-builder-row-1 nonhundred-percent-fullwidth non-hundred-percent-height-scrolling\" style=\"--awb-background-blend-mode:multiply;--awb-border-radius-top-left:0px;--awb-border-radius-top-right:0px;--awb-border-radius-bottom-right:0px;--awb-border-radius-bottom-left:0px;--awb-flex-wrap:wrap;\" ><div class=\"fusion-builder-row fusion-row\"><div class=\"fusion-layout-column fusion_builder_column fusion-builder-column-0 fusion_builder_column_1_1 1_1 fusion-one-full fusion-column-first fusion-column-last\" style=\"--awb-bg-size:cover;\"><div class=\"fusion-column-wrapper fusion-column-has-shadow fusion-flex-column-wrapper-legacy\"><div class=\"fusion-title title fusion-title-1 fusion-sep-none fusion-title-text fusion-title-size-one\"><h1 class=\"fusion-title-heading title-heading-left\" style=\"margin:0;\">La concesi\u00f3n de licencias de soluciones inyectables<\/h1><\/div><div class=\"fusion-text fusion-text-1\"><p>CDM Lavoisier, actor reconocido en la fabricaci\u00f3n y distribuci\u00f3n de medicamentos inyectables en Francia, establece regularmente colaboraciones con terceras empresas del sector sanitario. Estas asociaciones pueden adoptar diversas formas: transferencia de autorizaci\u00f3n de comercializaci\u00f3n, acuerdos de distribuci\u00f3n, etc.<\/p>\n<\/div><div class=\"fusion-clearfix\"><\/div><\/div><\/div><\/div><\/div><div class=\"fusion-fullwidth fullwidth-box fusion-builder-row-2 nonhundred-percent-fullwidth non-hundred-percent-height-scrolling\" style=\"--awb-border-radius-top-left:0px;--awb-border-radius-top-right:0px;--awb-border-radius-bottom-right:0px;--awb-border-radius-bottom-left:0px;--awb-flex-wrap:wrap;\" ><div class=\"fusion-builder-row fusion-row\"><div class=\"fusion-layout-column fusion_builder_column fusion-builder-column-1 fusion_builder_column_1_4 1_4 fusion-one-fourth fusion-column-first\" style=\"--awb-bg-size:cover;width:25%;width:calc(25% - ( ( 4% ) * 0.25 ) );margin-right: 4%;\"><div class=\"fusion-column-wrapper fusion-column-has-shadow fusion-flex-column-wrapper-legacy\"><div class=\"fusion-image-element in-legacy-container\" style=\"--awb-caption-title-font-family:var(--h2_typography-font-family);--awb-caption-title-font-weight:var(--h2_typography-font-weight);--awb-caption-title-font-style:var(--h2_typography-font-style);--awb-caption-title-size:var(--h2_typography-font-size);--awb-caption-title-transform:var(--h2_typography-text-transform);--awb-caption-title-line-height:var(--h2_typography-line-height);--awb-caption-title-letter-spacing:var(--h2_typography-letter-spacing);\"><span class=\" fusion-imageframe imageframe-none imageframe-1 hover-type-none\"><img decoding=\"async\" width=\"500\" height=\"500\" alt=\"In-Licensing de productos inyectables\" title=\"Gamme produits et services &#8211; CDM Lavoisier\" src=\"https:\/\/www.lavoisier.com\/wp-content\/uploads\/2021\/11\/Gamme-produits-et-services-CDM-Lavoisier.jpg\" class=\"img-responsive wp-image-2187\" srcset=\"https:\/\/www.lavoisier.com\/wp-content\/uploads\/2021\/11\/Gamme-produits-et-services-CDM-Lavoisier-200x200.jpg 200w, https:\/\/www.lavoisier.com\/wp-content\/uploads\/2021\/11\/Gamme-produits-et-services-CDM-Lavoisier-400x400.jpg 400w, https:\/\/www.lavoisier.com\/wp-content\/uploads\/2021\/11\/Gamme-produits-et-services-CDM-Lavoisier.jpg 500w\" sizes=\"(max-width: 800px) 100vw, 400px\" \/><\/span><\/div><div class=\"fusion-clearfix\"><\/div><\/div><\/div><div class=\"fusion-layout-column fusion_builder_column fusion-builder-column-2 fusion_builder_column_3_4 3_4 fusion-three-fourth fusion-column-last\" style=\"--awb-bg-size:cover;width:75%;width:calc(75% - ( ( 4% ) * 0.75 ) );\"><div class=\"fusion-column-wrapper fusion-column-has-shadow fusion-flex-column-wrapper-legacy\"><div class=\"fusion-text fusion-text-2\"><h2>\u00bf Qu\u00e9 es la concesi\u00f3n de licencias ?<\/h2>\n<p>Cuando CDM Lavoisier firma un acuerdo de In-Licensing con un tercero, el socio concede a CDM Lavoisier el derecho a utilizar un medicamento en un territorio bien definido. Esta definici\u00f3n no debe confundirse con la de out-licensing, en la que la situaci\u00f3n es la inversa : CDM Lavoisier concede a una tercera empresa una licencia para utilizar uno de sus productos.<\/p>\n<h2>\u00bf Cu\u00e1les son los distintos tipos de contrato In-Licensing ?<\/h2>\n<p>En Francia, hay 3 partes implicadas en la comercializaci\u00f3n de cualquier medicamento :<\/p>\n<ul>\n<li>El titular de la autorizaci\u00f3n de comercializaci\u00f3n.<\/li>\n<li>El fabricante del producto, que puede ser el titular de la autorizaci\u00f3n de comercializaci\u00f3n, un fabricante o el laboratorio operativo.<\/li>\n<li>El operador (\u00abexploitant\u00bb) que comercializa y distribuye los medicamentos.<\/li>\n<\/ul>\n<p>Para la mayor\u00eda de sus medicamentos, CDM Lavoisier es el laboratorio propietario, fabricante y operador. En el marco de un contrato de licencia con un socio, son posibles varios esquemas :<\/p>\n<ul>\n<li>El socio transfiere su expediente de autorizaci\u00f3n de comercializaci\u00f3n a cambio de royalties. CDM Lavoisier se convierte entonces en propietario, fabricante y operador del medicamento.<\/li>\n<li>El socio firma un acuerdo de explotaci\u00f3n y sigue fabricando los productos. CDM Lavoisier solo asume la responsabilidad de comercializar el medicamento.<\/li>\n<li>El socio firma un acuerdo de fabricaci\u00f3n y explotaci\u00f3n. En virtud de este acuerdo, CDM Lavoisier fabrica los medicamentos y luego los distribuye.<\/li>\n<\/ul>\n<\/div><div class=\"fusion-clearfix\"><\/div><\/div><\/div><\/div><\/div><div class=\"fusion-fullwidth fullwidth-box fusion-builder-row-3 nonhundred-percent-fullwidth non-hundred-percent-height-scrolling\" style=\"--awb-border-radius-top-left:0px;--awb-border-radius-top-right:0px;--awb-border-radius-bottom-right:0px;--awb-border-radius-bottom-left:0px;--awb-flex-wrap:wrap;\" ><div class=\"fusion-builder-row fusion-row\"><div class=\"fusion-layout-column fusion_builder_column fusion-builder-column-3 fusion_builder_column_1_4 1_4 fusion-one-fourth fusion-column-first\" style=\"--awb-bg-size:cover;width:25%;width:calc(25% - ( ( 4% ) * 0.25 ) );margin-right: 4%;\"><div class=\"fusion-column-wrapper fusion-column-has-shadow fusion-flex-column-wrapper-legacy\"><div class=\"fusion-image-element in-legacy-container\" style=\"--awb-caption-title-font-family:var(--h2_typography-font-family);--awb-caption-title-font-weight:var(--h2_typography-font-weight);--awb-caption-title-font-style:var(--h2_typography-font-style);--awb-caption-title-size:var(--h2_typography-font-size);--awb-caption-title-transform:var(--h2_typography-text-transform);--awb-caption-title-line-height:var(--h2_typography-line-height);--awb-caption-title-letter-spacing:var(--h2_typography-letter-spacing);\"><span class=\" fusion-imageframe imageframe-none imageframe-2 hover-type-none\"><img decoding=\"async\" width=\"400\" height=\"400\" alt=\"In-Licensing de productos inyectables\" title=\"faconnage-flacon\" src=\"https:\/\/www.lavoisier.com\/wp-content\/uploads\/2021\/12\/faconnage-flacon.jpg\" class=\"img-responsive wp-image-2732\" srcset=\"https:\/\/www.lavoisier.com\/wp-content\/uploads\/2021\/12\/faconnage-flacon-200x200.jpg 200w, https:\/\/www.lavoisier.com\/wp-content\/uploads\/2021\/12\/faconnage-flacon.jpg 400w\" sizes=\"(max-width: 800px) 100vw, 400px\" \/><\/span><\/div><div class=\"fusion-clearfix\"><\/div><\/div><\/div><div class=\"fusion-layout-column fusion_builder_column fusion-builder-column-4 fusion_builder_column_3_4 3_4 fusion-three-fourth fusion-column-last\" style=\"--awb-bg-size:cover;width:75%;width:calc(75% - ( ( 4% ) * 0.75 ) );\"><div class=\"fusion-column-wrapper fusion-column-has-shadow fusion-flex-column-wrapper-legacy\"><div class=\"fusion-text fusion-text-3\"><h2>Ventajas de un acuerdo de In-Licensing con CDM Lavoisier<\/h2>\n<p>Al asociarse con CDM Lavoisier, su empresa abre las puertas de un nuevo mercado. El mercado farmac\u00e9utico franc\u00e9s es bastante complejo de comprender. Antes de las primeras ventas, el laboratorio debe pasar por numerosas etapas administrativas. CDM Lavoisier puede realizar todas estas etapas en el marco del contrato In-Licensing :<\/p>\n<ul>\n<li>Registro del expediente CTD en la Agencia Nacional Francesa para la Seguridad de los Medicamentos (ANSM).<\/li>\n<li>Obtenci\u00f3n de la autorizaci\u00f3n comunitaria de la Autoridad Nacional Francesa de la Salud (HAS) para los medicamentos comercializados en hospitales.<\/li>\n<li>Negociaci\u00f3n de los precios de reembolso con el Comit\u00e9 \u00e9conomique des produits de sant\u00e9 (CEPS) para los medicamentos cubiertos por la Seguridad Social.<\/li>\n<\/ul>\n<p>Adem\u00e1s de registrar el producto, CDM Lavoisier puede fabricarlo localmente en su planta de La-Chauss\u00e9e-St-Victor en Francia (para las siguientes formas farmac\u00e9uticas: viales de vidrio, ampollas de vidrio y ampollas inyectables de pl\u00e1stico).<\/p>\n<h2>\u00bf Qu\u00e9 tipo de productos buscamos ?<\/h2>\n<p>CDM Lavoisier fabrica y explota principalmente soluciones inyectables. Para otros tipos de productos (polvos, comprimidos, etc.), en los que un acuerdo de licencia no ser\u00eda apropiado con CDM Lavoisier, podemos ponerle en contacto con uno de los socios de nuestra red para el territorio franc\u00e9s.<\/p>\n<\/div><div class=\"fusion-clearfix\"><\/div><\/div><\/div><\/div><\/div><div class=\"fusion-fullwidth fullwidth-box fusion-builder-row-4 fusion-parallax-none nonhundred-percent-fullwidth non-hundred-percent-height-scrolling\" style=\"--awb-background-blend-mode:color;--awb-border-radius-top-left:0px;--awb-border-radius-top-right:0px;--awb-border-radius-bottom-right:0px;--awb-border-radius-bottom-left:0px;--awb-padding-top:50px;--awb-padding-bottom:50px;--awb-background-color:rgba(255,255,255,0.85);--awb-background-image:url(&quot;https:\/\/www.lavoisier.com\/wp-content\/uploads\/2017\/07\/BD_QUAL3.jpg&quot;);--awb-background-size:cover;--awb-flex-wrap:wrap;\" ><div class=\"fusion-builder-row fusion-row\"><div class=\"fusion-layout-column fusion_builder_column fusion-builder-column-5 fusion_builder_column_1_1 1_1 fusion-one-full fusion-column-first fusion-column-last\" style=\"--awb-bg-size:cover;\"><div class=\"fusion-column-wrapper fusion-column-has-shadow fusion-flex-column-wrapper-legacy\"><div class=\"fusion-title title fusion-title-2 fusion-sep-none fusion-title-center fusion-title-text fusion-title-size-two\"><h2 class=\"fusion-title-heading title-heading-center\" style=\"margin:0;\">Socios de CDM Lavoisier para la concesi\u00f3n de licencias<\/h2><\/div><div class=\"fusion-clearfix\"><\/div><\/div><\/div><div class=\"fusion-layout-column fusion_builder_column fusion-builder-column-6 fusion_builder_column_1_3 1_3 fusion-one-third fusion-column-first\" style=\"--awb-bg-size:cover;width:33.333333333333%;width:calc(33.333333333333% - ( ( 4% + 4% ) * 0.33333333333333 ) );margin-right: 4%;\"><div class=\"fusion-column-wrapper fusion-column-has-shadow fusion-flex-column-wrapper-legacy\"><div class=\"fusion-fa-align-center\"><i class=\"fb-icon-element-1 fb-icon-element fontawesome-icon fa-globe fas circle-yes\" style=\"--awb-circlecolor:#2eaadd;--awb-circlecolor-hover:#2eaadd;--awb-circlebordersize:0px;--awb-font-size:28.16px;--awb-width:56.32px;--awb-height:56.32px;--awb-line-height:56.32px;--awb-margin-top:20px;--awb-margin-bottom:50px;\"><\/i><\/div><div class=\"fusion-text fusion-text-4\"><p>Laboratorio farmac\u00e9utico busca distribuidor para Francia (o Europa)<\/p>\n<\/div><div class=\"fusion-clearfix\"><\/div><\/div><\/div><div class=\"fusion-layout-column fusion_builder_column fusion-builder-column-7 fusion_builder_column_1_3 1_3 fusion-one-third\" style=\"--awb-bg-size:cover;width:33.333333333333%;width:calc(33.333333333333% - ( ( 4% + 4% ) * 0.33333333333333 ) );margin-right: 4%;\"><div class=\"fusion-column-wrapper fusion-column-has-shadow fusion-flex-column-wrapper-legacy\"><div class=\"fusion-fa-align-center\"><i class=\"fb-icon-element-2 fb-icon-element fontawesome-icon fa-flask fas circle-yes\" style=\"--awb-circlecolor:#2eaadd;--awb-circlecolor-hover:#2eaadd;--awb-circlebordersize:0px;--awb-font-size:28.16px;--awb-width:56.32px;--awb-height:56.32px;--awb-line-height:56.32px;--awb-margin-top:20px;--awb-margin-bottom:50px;\"><\/i><\/div><div class=\"fusion-text fusion-text-5\"><p>Empresa de biotecnolog\u00eda busca un operador capaz de fabricar y\/o comercializar sus productos<\/p>\n<\/div><div class=\"fusion-clearfix\"><\/div><\/div><\/div><div class=\"fusion-layout-column fusion_builder_column fusion-builder-column-8 fusion_builder_column_1_3 1_3 fusion-one-third fusion-column-last\" style=\"--awb-bg-size:cover;width:33.333333333333%;width:calc(33.333333333333% - ( ( 4% + 4% ) * 0.33333333333333 ) );\"><div class=\"fusion-column-wrapper fusion-column-has-shadow fusion-flex-column-wrapper-legacy\"><div class=\"fusion-fa-align-center\"><i class=\"fb-icon-element-3 fb-icon-element fontawesome-icon fa-university fas circle-yes\" style=\"--awb-circlecolor:#2eaadd;--awb-circlecolor-hover:#2eaadd;--awb-circlebordersize:0px;--awb-font-size:28.16px;--awb-width:56.32px;--awb-height:56.32px;--awb-line-height:56.32px;--awb-margin-top:20px;--awb-margin-bottom:50px;\"><\/i><\/div><div class=\"fusion-text fusion-text-6\"><p>Propietarios de autorizaci\u00f3n de comercializaci\u00f3n (fondos de inversi\u00f3n, intermediarios de desarrollo empresarial, etc.) que deseen encontrar un socio de fabricaci\u00f3n y\/o distribuci\u00f3n.<\/p>\n<\/div><div class=\"fusion-clearfix\"><\/div><\/div><\/div><\/div><\/div><div class=\"fusion-fullwidth fullwidth-box fusion-builder-row-5 nonhundred-percent-fullwidth non-hundred-percent-height-scrolling fusion-equal-height-columns\" style=\"--awb-border-radius-top-left:0px;--awb-border-radius-top-right:0px;--awb-border-radius-bottom-right:0px;--awb-border-radius-bottom-left:0px;--awb-margin-top:60px;--awb-flex-wrap:wrap;\" ><div class=\"fusion-builder-row fusion-row\"><div class=\"fusion-layout-column fusion_builder_column fusion-builder-column-9 fusion_builder_column_1_1 1_1 fusion-one-full fusion-column-first fusion-column-last\" style=\"--awb-bg-size:cover;\"><div class=\"fusion-column-wrapper fusion-column-has-shadow fusion-flex-column-wrapper-legacy\"><div class=\"fusion-title title fusion-title-3 fusion-sep-none fusion-title-center fusion-title-text fusion-title-size-two\"><h2 class=\"fusion-title-heading title-heading-center\" style=\"margin:0;\"><h2>Las bazas de CDM Lavoisier para una asociaci\u00f3n fruct\u00edfera<\/h2><\/h2><\/div><div class=\"fusion-clearfix\"><\/div><\/div><\/div><\/div><\/div><div class=\"fusion-fullwidth fullwidth-box fusion-builder-row-6 nonhundred-percent-fullwidth non-hundred-percent-height-scrolling fusion-equal-height-columns\" style=\"--awb-border-radius-top-left:0px;--awb-border-radius-top-right:0px;--awb-border-radius-bottom-right:0px;--awb-border-radius-bottom-left:0px;--awb-flex-wrap:wrap;\" ><div class=\"fusion-builder-row fusion-row\"><div class=\"fusion-layout-column fusion_builder_column fusion-builder-column-10 fusion_builder_column_1_3 1_3 fusion-one-third fusion-column-first\" style=\"--awb-bg-size:cover;width:33.333333333333%;width:calc(33.333333333333% - ( ( 4% + 4% ) * 0.33333333333333 ) );margin-right: 4%;\"><div class=\"fusion-column-wrapper fusion-column-has-shadow fusion-flex-column-wrapper-legacy\"><div class=\"fusion-text fusion-text-7\"><h3 style=\"text-align: center;\">Un actor clave y de larga tradici\u00f3n en el mercado franc\u00e9s<\/h3>\n<p style=\"text-align: center;\">CDM Lavoisier es un laboratorio farmac\u00e9utico franc\u00e9s fundado en 1888. Nuestra empresa es uno de los l\u00edderes del mercado minorista (farmacias) y hospitalario de medicamentos inyectables.<\/p>\n<\/div><div class=\"fusion-clearfix\"><\/div><\/div><\/div><div class=\"fusion-layout-column fusion_builder_column fusion-builder-column-11 fusion_builder_column_1_3 1_3 fusion-one-third\" style=\"--awb-bg-size:cover;width:33.333333333333%;width:calc(33.333333333333% - ( ( 4% + 4% ) * 0.33333333333333 ) );margin-right: 4%;\"><div class=\"fusion-column-wrapper fusion-column-has-shadow fusion-flex-column-wrapper-legacy\"><div class=\"fusion-text fusion-text-8\"><h3 style=\"text-align: center;\">Una gama completa<\/h3>\n<p style=\"text-align: center;\">CDM Lavoisier ofrece una colaboraci\u00f3n integral que abarca <a href=\"https:\/\/www.lavoisier.com\/es\/cdmo-servicios\/\">la fabricaci\u00f3n de medicamentos inyectables<\/a>, la autorizaci\u00f3n de comercializaci\u00f3n y la comercializaci\u00f3n de productos.<\/p>\n<\/div><div class=\"fusion-clearfix\"><\/div><\/div><\/div><div class=\"fusion-layout-column fusion_builder_column fusion-builder-column-12 fusion_builder_column_1_3 1_3 fusion-one-third fusion-column-last\" style=\"--awb-bg-size:cover;width:33.333333333333%;width:calc(33.333333333333% - ( ( 4% + 4% ) * 0.33333333333333 ) );\"><div class=\"fusion-column-wrapper fusion-column-has-shadow fusion-flex-column-wrapper-legacy\"><div class=\"fusion-text fusion-text-9\"><h3 style=\"text-align: center;\">Un socio de confianza a largo plazo<\/h3>\n<p style=\"text-align: center;\">Nuestra empresa es una PYME din\u00e1mica. Nuestra estructura \u00e1gil nos permite responder r\u00e1pidamente a una amplia gama de escenarios. Nuestros acuerdos de colaboraci\u00f3n son a largo plazo y equilibrados.<\/p>\n<\/div><div class=\"fusion-clearfix\"><\/div><\/div><\/div><\/div><\/div><div class=\"fusion-fullwidth fullwidth-box fusion-builder-row-7 nonhundred-percent-fullwidth non-hundred-percent-height-scrolling\" style=\"--awb-border-radius-top-left:0px;--awb-border-radius-top-right:0px;--awb-border-radius-bottom-right:0px;--awb-border-radius-bottom-left:0px;--awb-margin-top:30px;--awb-flex-wrap:wrap;\" ><div class=\"fusion-builder-row fusion-row\"><div class=\"fusion-layout-column fusion_builder_column fusion-builder-column-13 fusion_builder_column_1_1 1_1 fusion-one-full fusion-column-first fusion-column-last\" style=\"--awb-bg-size:cover;\"><div class=\"fusion-column-wrapper fusion-column-has-shadow fusion-flex-column-wrapper-legacy\"><div class=\"fusion-text fusion-text-10\"><h2 style=\"text-align: center;\">Contacte con nosotros para hablar de su proyecto<\/h2>\n<p style=\"text-align: center;\">\u00bf Desea comercializar un medicamento inyectable en Francia ? P\u00f3ngase en contacto con nosotros para hablar de su proyecto :<\/p>\n<\/div><div class=\"fusion-aligncenter\"><a class=\"fusion-button button-flat fusion-button-default-size button-default fusion-button-default button-1 fusion-button-default-span fusion-button-default-type\" target=\"_self\" href=\"https:\/\/www.lavoisier.com\/es\/contact\/\"><span class=\"fusion-button-text\">Contacto<\/span><\/a><\/div><div class=\"fusion-clearfix\"><\/div><\/div><\/div><\/div><\/div><\/p>\n","protected":false},"excerpt":{"rendered":"","protected":false},"author":3,"featured_media":0,"parent":0,"menu_order":0,"comment_status":"closed","ping_status":"closed","template":"100-width.php","meta":{"content-type":"","footnotes":""},"class_list":["post-4729","page","type-page","status-publish","hentry"],"yoast_head":"<!-- This site is optimized with the Yoast SEO plugin v27.3 - https:\/\/yoast.com\/product\/yoast-seo-wordpress\/ -->\n<title>Licencias farmac\u00e9uticas de medicamentos inyectables - CDM Lavoisier<\/title>\n<meta name=\"description\" content=\"\u00bf Busca un laboratorio asociado para explotar o distribuir un medicamento en Francia ? Descubra la gama de servicios de CDM Lavoisier.\" \/>\n<meta name=\"robots\" content=\"index, follow, max-snippet:-1, max-image-preview:large, max-video-preview:-1\" \/>\n<link rel=\"canonical\" href=\"https:\/\/www.lavoisier.com\/es\/in-licensing\/\" \/>\n<meta property=\"og:locale\" content=\"es_ES\" \/>\n<meta property=\"og:type\" content=\"article\" \/>\n<meta property=\"og:title\" content=\"Licencias farmac\u00e9uticas de medicamentos inyectables - CDM Lavoisier\" \/>\n<meta property=\"og:description\" content=\"\u00bf Busca un laboratorio asociado para explotar o distribuir un medicamento en Francia ? Descubra la gama de servicios de CDM Lavoisier.\" \/>\n<meta property=\"og:url\" content=\"https:\/\/www.lavoisier.com\/es\/in-licensing\/\" \/>\n<meta property=\"og:site_name\" content=\"LAVOISIER\" \/>\n<meta property=\"article:modified_time\" content=\"2025-07-10T17:21:40+00:00\" \/>\n<meta name=\"twitter:card\" content=\"summary_large_image\" \/>\n<meta name=\"twitter:label1\" content=\"Tiempo de lectura\" \/>\n\t<meta name=\"twitter:data1\" content=\"4 minutos\" \/>\n<script type=\"application\/ld+json\" class=\"yoast-schema-graph\">{\"@context\":\"https:\\\/\\\/schema.org\",\"@graph\":[{\"@type\":\"WebPage\",\"@id\":\"https:\\\/\\\/www.lavoisier.com\\\/es\\\/in-licensing\\\/\",\"url\":\"https:\\\/\\\/www.lavoisier.com\\\/es\\\/in-licensing\\\/\",\"name\":\"Licencias farmac\u00e9uticas de medicamentos inyectables - CDM Lavoisier\",\"isPartOf\":{\"@id\":\"https:\\\/\\\/www.lavoisier.com\\\/es\\\/#website\"},\"datePublished\":\"2024-03-18T12:46:29+00:00\",\"dateModified\":\"2025-07-10T17:21:40+00:00\",\"description\":\"\u00bf Busca un laboratorio asociado para explotar o distribuir un medicamento en Francia ? Descubra la gama de servicios de CDM Lavoisier.\",\"breadcrumb\":{\"@id\":\"https:\\\/\\\/www.lavoisier.com\\\/es\\\/in-licensing\\\/#breadcrumb\"},\"inLanguage\":\"es\",\"potentialAction\":[{\"@type\":\"ReadAction\",\"target\":[\"https:\\\/\\\/www.lavoisier.com\\\/es\\\/in-licensing\\\/\"]}]},{\"@type\":\"BreadcrumbList\",\"@id\":\"https:\\\/\\\/www.lavoisier.com\\\/es\\\/in-licensing\\\/#breadcrumb\",\"itemListElement\":[{\"@type\":\"ListItem\",\"position\":1,\"name\":\"Accueil\",\"item\":\"https:\\\/\\\/www.lavoisier.com\\\/es\\\/\"},{\"@type\":\"ListItem\",\"position\":2,\"name\":\"In-Licensing\"}]},{\"@type\":\"WebSite\",\"@id\":\"https:\\\/\\\/www.lavoisier.com\\\/es\\\/#website\",\"url\":\"https:\\\/\\\/www.lavoisier.com\\\/es\\\/\",\"name\":\"LAVOISIER\",\"description\":\"\",\"publisher\":{\"@id\":\"https:\\\/\\\/www.lavoisier.com\\\/es\\\/#organization\"},\"potentialAction\":[{\"@type\":\"SearchAction\",\"target\":{\"@type\":\"EntryPoint\",\"urlTemplate\":\"https:\\\/\\\/www.lavoisier.com\\\/es\\\/?s={search_term_string}\"},\"query-input\":{\"@type\":\"PropertyValueSpecification\",\"valueRequired\":true,\"valueName\":\"search_term_string\"}}],\"inLanguage\":\"es\"},{\"@type\":\"Organization\",\"@id\":\"https:\\\/\\\/www.lavoisier.com\\\/es\\\/#organization\",\"name\":\"CDM Lavoisier\",\"url\":\"https:\\\/\\\/www.lavoisier.com\\\/es\\\/\",\"logo\":{\"@type\":\"ImageObject\",\"inLanguage\":\"es\",\"@id\":\"https:\\\/\\\/www.lavoisier.com\\\/es\\\/#\\\/schema\\\/logo\\\/image\\\/\",\"url\":\"https:\\\/\\\/www.lavoisier.com\\\/wp-content\\\/uploads\\\/2017\\\/06\\\/Lavoisier-logo-05.jpg\",\"contentUrl\":\"https:\\\/\\\/www.lavoisier.com\\\/wp-content\\\/uploads\\\/2017\\\/06\\\/Lavoisier-logo-05.jpg\",\"width\":220,\"height\":52,\"caption\":\"CDM Lavoisier\"},\"image\":{\"@id\":\"https:\\\/\\\/www.lavoisier.com\\\/es\\\/#\\\/schema\\\/logo\\\/image\\\/\"},\"sameAs\":[\"https:\\\/\\\/fr.linkedin.com\\\/company\\\/cdm-lavoisier\"]}]}<\/script>\n<!-- \/ Yoast SEO plugin. -->","yoast_head_json":{"title":"Licencias farmac\u00e9uticas de medicamentos inyectables - CDM Lavoisier","description":"\u00bf Busca un laboratorio asociado para explotar o distribuir un medicamento en Francia ? Descubra la gama de servicios de CDM Lavoisier.","robots":{"index":"index","follow":"follow","max-snippet":"max-snippet:-1","max-image-preview":"max-image-preview:large","max-video-preview":"max-video-preview:-1"},"canonical":"https:\/\/www.lavoisier.com\/es\/in-licensing\/","og_locale":"es_ES","og_type":"article","og_title":"Licencias farmac\u00e9uticas de medicamentos inyectables - CDM Lavoisier","og_description":"\u00bf Busca un laboratorio asociado para explotar o distribuir un medicamento en Francia ? Descubra la gama de servicios de CDM Lavoisier.","og_url":"https:\/\/www.lavoisier.com\/es\/in-licensing\/","og_site_name":"LAVOISIER","article_modified_time":"2025-07-10T17:21:40+00:00","twitter_card":"summary_large_image","twitter_misc":{"Tiempo de lectura":"4 minutos"},"schema":{"@context":"https:\/\/schema.org","@graph":[{"@type":"WebPage","@id":"https:\/\/www.lavoisier.com\/es\/in-licensing\/","url":"https:\/\/www.lavoisier.com\/es\/in-licensing\/","name":"Licencias farmac\u00e9uticas de medicamentos inyectables - CDM Lavoisier","isPartOf":{"@id":"https:\/\/www.lavoisier.com\/es\/#website"},"datePublished":"2024-03-18T12:46:29+00:00","dateModified":"2025-07-10T17:21:40+00:00","description":"\u00bf Busca un laboratorio asociado para explotar o distribuir un medicamento en Francia ? Descubra la gama de servicios de CDM Lavoisier.","breadcrumb":{"@id":"https:\/\/www.lavoisier.com\/es\/in-licensing\/#breadcrumb"},"inLanguage":"es","potentialAction":[{"@type":"ReadAction","target":["https:\/\/www.lavoisier.com\/es\/in-licensing\/"]}]},{"@type":"BreadcrumbList","@id":"https:\/\/www.lavoisier.com\/es\/in-licensing\/#breadcrumb","itemListElement":[{"@type":"ListItem","position":1,"name":"Accueil","item":"https:\/\/www.lavoisier.com\/es\/"},{"@type":"ListItem","position":2,"name":"In-Licensing"}]},{"@type":"WebSite","@id":"https:\/\/www.lavoisier.com\/es\/#website","url":"https:\/\/www.lavoisier.com\/es\/","name":"LAVOISIER","description":"","publisher":{"@id":"https:\/\/www.lavoisier.com\/es\/#organization"},"potentialAction":[{"@type":"SearchAction","target":{"@type":"EntryPoint","urlTemplate":"https:\/\/www.lavoisier.com\/es\/?s={search_term_string}"},"query-input":{"@type":"PropertyValueSpecification","valueRequired":true,"valueName":"search_term_string"}}],"inLanguage":"es"},{"@type":"Organization","@id":"https:\/\/www.lavoisier.com\/es\/#organization","name":"CDM Lavoisier","url":"https:\/\/www.lavoisier.com\/es\/","logo":{"@type":"ImageObject","inLanguage":"es","@id":"https:\/\/www.lavoisier.com\/es\/#\/schema\/logo\/image\/","url":"https:\/\/www.lavoisier.com\/wp-content\/uploads\/2017\/06\/Lavoisier-logo-05.jpg","contentUrl":"https:\/\/www.lavoisier.com\/wp-content\/uploads\/2017\/06\/Lavoisier-logo-05.jpg","width":220,"height":52,"caption":"CDM Lavoisier"},"image":{"@id":"https:\/\/www.lavoisier.com\/es\/#\/schema\/logo\/image\/"},"sameAs":["https:\/\/fr.linkedin.com\/company\/cdm-lavoisier"]}]}},"_links":{"self":[{"href":"https:\/\/www.lavoisier.com\/es\/wp-json\/wp\/v2\/pages\/4729","targetHints":{"allow":["GET"]}}],"collection":[{"href":"https:\/\/www.lavoisier.com\/es\/wp-json\/wp\/v2\/pages"}],"about":[{"href":"https:\/\/www.lavoisier.com\/es\/wp-json\/wp\/v2\/types\/page"}],"author":[{"embeddable":true,"href":"https:\/\/www.lavoisier.com\/es\/wp-json\/wp\/v2\/users\/3"}],"replies":[{"embeddable":true,"href":"https:\/\/www.lavoisier.com\/es\/wp-json\/wp\/v2\/comments?post=4729"}],"version-history":[{"count":4,"href":"https:\/\/www.lavoisier.com\/es\/wp-json\/wp\/v2\/pages\/4729\/revisions"}],"predecessor-version":[{"id":5303,"href":"https:\/\/www.lavoisier.com\/es\/wp-json\/wp\/v2\/pages\/4729\/revisions\/5303"}],"wp:attachment":[{"href":"https:\/\/www.lavoisier.com\/es\/wp-json\/wp\/v2\/media?parent=4729"}],"curies":[{"name":"wp","href":"https:\/\/api.w.org\/{rel}","templated":true}]}}