{"id":4873,"date":"2021-08-16T09:00:10","date_gmt":"2021-08-16T08:00:10","guid":{"rendered":"https:\/\/www.lavoisier.com\/politique-qualite\/"},"modified":"2024-11-24T09:14:49","modified_gmt":"2024-11-24T08:14:49","slug":"politica-de-calidad","status":"publish","type":"page","link":"https:\/\/www.lavoisier.com\/es\/politica-de-calidad\/","title":{"rendered":"Pol\u00edtica de Calidad"},"content":{"rendered":"<p><div class=\"fusion-fullwidth fullwidth-box fusion-builder-row-1 nonhundred-percent-fullwidth non-hundred-percent-height-scrolling\" style=\"--awb-border-radius-top-left:0px;--awb-border-radius-top-right:0px;--awb-border-radius-bottom-right:0px;--awb-border-radius-bottom-left:0px;--awb-padding-top:20px;--awb-padding-bottom:20px;--awb-flex-wrap:wrap;\" ><div class=\"fusion-builder-row fusion-row\"><div class=\"fusion-layout-column fusion_builder_column fusion-builder-column-0 fusion_builder_column_1_1 1_1 fusion-one-full fusion-column-first fusion-column-last\" style=\"--awb-padding-top:15px;--awb-padding-right:15px;--awb-padding-bottom:15px;--awb-padding-left:15px;--awb-bg-size:cover;--awb-margin-bottom:0px;\"><div class=\"fusion-column-wrapper fusion-column-has-shadow fusion-flex-column-wrapper-legacy\"><div class=\"fusion-title title fusion-title-1 fusion-sep-none fusion-title-text fusion-title-size-one\" style=\"--awb-margin-bottom:0px;\"><h1 class=\"fusion-title-heading title-heading-left\" style=\"margin:0;\">Pol\u00edtica de Calidad<\/h1><\/div><div class=\"fusion-clearfix\"><\/div><\/div><\/div><\/div><\/div><div class=\"fusion-fullwidth fullwidth-box fusion-builder-row-2 nonhundred-percent-fullwidth non-hundred-percent-height-scrolling\" style=\"--awb-border-radius-top-left:0px;--awb-border-radius-top-right:0px;--awb-border-radius-bottom-right:0px;--awb-border-radius-bottom-left:0px;--awb-padding-top:20px;--awb-padding-bottom:20px;--awb-flex-wrap:wrap;\" ><div class=\"fusion-builder-row fusion-row\"><div class=\"fusion-layout-column fusion_builder_column fusion-builder-column-1 fusion_builder_column_1_5 1_5 fusion-one-fifth fusion-column-first\" style=\"--awb-padding-top:15px;--awb-padding-right:15px;--awb-padding-bottom:15px;--awb-padding-left:15px;--awb-bg-size:cover;--awb-margin-bottom:0px;width:20%;width:calc(20% - ( ( 4% ) * 0.2 ) );margin-right: 4%;\"><div class=\"fusion-column-wrapper fusion-column-has-shadow fusion-flex-column-wrapper-legacy\"><div class=\"fusion-image-element fusion-image-align-center in-legacy-container\" style=\"text-align:center;--awb-caption-title-font-family:var(--h2_typography-font-family);--awb-caption-title-font-weight:var(--h2_typography-font-weight);--awb-caption-title-font-style:var(--h2_typography-font-style);--awb-caption-title-size:var(--h2_typography-font-size);--awb-caption-title-transform:var(--h2_typography-text-transform);--awb-caption-title-line-height:var(--h2_typography-line-height);--awb-caption-title-letter-spacing:var(--h2_typography-letter-spacing);\"><div class=\"imageframe-align-center\"><span class=\" fusion-imageframe imageframe-none imageframe-1 hover-type-none\"><img decoding=\"async\" width=\"300\" height=\"284\" alt=\"Politique Qualit\u00e9 CDM Lavoisier ISO\" title=\"Politique-Qualit\u00e9-CDM-Lavoisier-ISO\" src=\"https:\/\/www.lavoisier.com\/wp-content\/uploads\/2023\/07\/Politique-Qualite-CDM-Lavoisier-ISO-300x284.png\" class=\"img-responsive wp-image-4515\" srcset=\"https:\/\/www.lavoisier.com\/wp-content\/uploads\/2023\/07\/Politique-Qualite-CDM-Lavoisier-ISO-200x189.png 200w, https:\/\/www.lavoisier.com\/wp-content\/uploads\/2023\/07\/Politique-Qualite-CDM-Lavoisier-ISO.png 400w\" sizes=\"(max-width: 800px) 100vw, 300px\" \/><\/span><\/div><\/div><div class=\"fusion-clearfix\"><\/div><\/div><\/div><div class=\"fusion-layout-column fusion_builder_column fusion-builder-column-2 fusion_builder_column_4_5 4_5 fusion-four-fifth fusion-column-last\" style=\"--awb-padding-top:15px;--awb-padding-right:15px;--awb-padding-bottom:15px;--awb-padding-left:15px;--awb-bg-size:cover;--awb-margin-bottom:0px;width:80%;width:calc(80% - ( ( 4% ) * 0.8 ) );\"><div class=\"fusion-column-wrapper fusion-column-has-shadow fusion-flex-column-wrapper-legacy\"><div class=\"fusion-text fusion-text-1\"><h2>Nuestra misi\u00f3n<\/h2>\n<p>CDM LAVOISIER pone a disposici\u00f3n en Francia y en mercados de exportaci\u00f3n productos eficaces y seguros, distribuidos y comercializados en cumplimiento con las exigencias reglamentarias. Para lograrlo, CDM se compromete a garantizar la calidad, trazabilidad, seguridad, eficacia y promoci\u00f3n de sus productos y procesos mediante la aplicaci\u00f3n de normativas vigentes como las Buenas Pr\u00e1cticas de Fabricaci\u00f3n, Buenas Pr\u00e1cticas de Distribuci\u00f3n Mayorista, Buenas Pr\u00e1cticas de Farmacovigilancia, y normativas relativas a la Materiovigilancia, incluyendo el C\u00f3digo de Salud P\u00fablica (Art\u00edculos L.5112-1 s. L5212-1, s. y R.5212-1, s.), el Reglamento (UE) 2017\/745 del Parlamento Europeo y del Consejo del 5 de abril de 2017 relativo a los dispositivos m\u00e9dicos, las \u00abguidelines on a medical devices vigilance system\u00bb, MEDDEV 2.12-1, y la \u00abAdditional Guidance Regarding the Vigilance System as outlined in MEDDEV 2.12-1\u00bb en su versi\u00f3n vigente. Asimismo, cumple con la norma ISO13485:2016, el referencial de certificaci\u00f3n de la HAS, la carta de informaci\u00f3n promocional y las legislaciones relativas a la promoci\u00f3n mediante visitas o prospecci\u00f3n para la promoci\u00f3n de medicamentos.<\/p>\n<p><strong>A trav\u00e9s de esta pol\u00edtica, nos comprometemos a :<\/strong><\/p>\n<ul>\n<li>Continuar con un enfoque de mejora continua de nuestro sistema de gesti\u00f3n de calidad promoviendo acciones preventivas y correctivas.<\/li>\n<li>Proveer a nuestros clientes\/usuarios productos de calidad constante, con una huella de carbono reducida y respetando los plazos de entrega.<\/li>\n<li>Asegurar el cumplimiento de los requisitos reglamentarios y legales vigentes aplicables a nuestra industria. Para ello, la empresa adopta una actitud proactiva para adaptarse a nuevas normativas y exigencias, como el reglamento europeo 2017\/745 relativo a dispositivos m\u00e9dicos.<\/li>\n<li>Escuchar a nuestros clientes y satisfacer sus requerimientos respetando nuestros compromisos.<\/li>\n<li>Desarrollar conocimientos y aumentar las competencias de nuestros colaboradores.<\/li>\n<li>Mantener instalaciones, equipos y procesos alineados con los est\u00e1ndares de nuestra industria.<\/li>\n<li>Contribuir a la mejora del desempe\u00f1o de nuestros proveedores.<\/li>\n<\/ul>\n<\/div><div class=\"fusion-clearfix\"><\/div><\/div><\/div><\/div><\/div><div class=\"fusion-fullwidth fullwidth-box fusion-builder-row-3 nonhundred-percent-fullwidth non-hundred-percent-height-scrolling fusion-equal-height-columns\" style=\"--awb-border-radius-top-left:0px;--awb-border-radius-top-right:0px;--awb-border-radius-bottom-right:0px;--awb-border-radius-bottom-left:0px;--awb-padding-top:0px;--awb-padding-bottom:0px;--awb-flex-wrap:wrap;\" ><div class=\"fusion-builder-row fusion-row\"><div class=\"fusion-layout-column fusion_builder_column fusion-builder-column-3 fusion_builder_column_1_5 1_5 fusion-one-fifth fusion-column-first\" style=\"--awb-padding-top:15px;--awb-padding-right:15px;--awb-padding-bottom:15px;--awb-padding-left:15px;--awb-bg-size:cover;--awb-margin-bottom:0px;width:20%;width:calc(20% - ( ( 4% ) * 0.2 ) );margin-right: 4%;\"><div class=\"fusion-column-wrapper fusion-column-has-shadow fusion-flex-column-wrapper-legacy\"><div class=\"fusion-column-content-centered\"><div class=\"fusion-column-content\"><div class=\"fusion-image-element fusion-image-align-center in-legacy-container\" style=\"text-align:center;--awb-caption-title-font-family:var(--h2_typography-font-family);--awb-caption-title-font-weight:var(--h2_typography-font-weight);--awb-caption-title-font-style:var(--h2_typography-font-style);--awb-caption-title-size:var(--h2_typography-font-size);--awb-caption-title-transform:var(--h2_typography-text-transform);--awb-caption-title-line-height:var(--h2_typography-line-height);--awb-caption-title-letter-spacing:var(--h2_typography-letter-spacing);\"><div class=\"imageframe-align-center\"><span class=\" fusion-imageframe imageframe-none imageframe-2 hover-type-none\"><img decoding=\"async\" width=\"300\" height=\"239\" alt=\"Engagement qualit\u00e9\" title=\"Politique-qualit\u00e9-CDM-Lavoisier-Engagement-Qualit\u00e9\" src=\"https:\/\/www.lavoisier.com\/wp-content\/uploads\/2023\/07\/Politique-qualite-CDM-Lavoisier-Engagement-Qualite-300x239.png\" class=\"img-responsive wp-image-4518\" srcset=\"https:\/\/www.lavoisier.com\/wp-content\/uploads\/2023\/07\/Politique-qualite-CDM-Lavoisier-Engagement-Qualite-200x160.png 200w, https:\/\/www.lavoisier.com\/wp-content\/uploads\/2023\/07\/Politique-qualite-CDM-Lavoisier-Engagement-Qualite.png 400w\" sizes=\"(max-width: 800px) 100vw, 300px\" \/><\/span><\/div><\/div><\/div><\/div><div class=\"fusion-clearfix\"><\/div><\/div><\/div><div class=\"fusion-layout-column fusion_builder_column fusion-builder-column-4 fusion_builder_column_4_5 4_5 fusion-four-fifth fusion-column-last\" style=\"--awb-padding-top:15px;--awb-padding-right:15px;--awb-padding-bottom:15px;--awb-padding-left:15px;--awb-bg-size:cover;--awb-margin-bottom:0px;width:80%;width:calc(80% - ( ( 4% ) * 0.8 ) );\"><div class=\"fusion-column-wrapper fusion-column-has-shadow fusion-flex-column-wrapper-legacy\"><div class=\"fusion-column-content-centered\"><div class=\"fusion-column-content\"><div class=\"fusion-text fusion-text-2\"><p>Cada persona, con su contribuci\u00f3n, participa en la mejora de la calidad de los procesos y productos, as\u00ed como en la eficacia del Sistema de Gesti\u00f3n de la Calidad (SGC).<\/p>\n<p>Es responsabilidad de cada uno, en todos los niveles de la empresa, adoptar y seguir el sistema de calidad, adem\u00e1s de aplicar los procedimientos, directrices e instrucciones establecidos.<\/p>\n<p>La eficacia del Sistema de Gesti\u00f3n de la Calidad se eval\u00faa mediante indicadores de calidad previamente definidos y se verifica peri\u00f3dicamente a trav\u00e9s de revisiones de procesos y revisiones de la Direcci\u00f3n, en un enfoque de mejora continua.<\/p>\n<\/div><\/div><\/div><div class=\"fusion-clearfix\"><\/div><\/div><\/div><\/div><\/div><\/p>\n","protected":false},"excerpt":{"rendered":"","protected":false},"author":3,"featured_media":0,"parent":0,"menu_order":0,"comment_status":"closed","ping_status":"closed","template":"","meta":{"content-type":"","footnotes":""},"class_list":["post-4873","page","type-page","status-publish","hentry"],"yoast_head":"<!-- This site is optimized with the Yoast SEO plugin v27.3 - https:\/\/yoast.com\/product\/yoast-seo-wordpress\/ -->\n<title>Pol\u00edtica de calidad de los Laboratoires CDM Lavoisier<\/title>\n<meta name=\"description\" content=\"La pol\u00edtica de calidad de los Laboratoires CDM Lavoisier se basa en el control de la calidad, la trazabilidad, la seguridad y la eficacia de los productos.\" \/>\n<meta name=\"robots\" content=\"index, follow, max-snippet:-1, max-image-preview:large, max-video-preview:-1\" \/>\n<link rel=\"canonical\" href=\"https:\/\/www.lavoisier.com\/es\/politica-de-calidad\/\" \/>\n<meta property=\"og:locale\" content=\"es_ES\" \/>\n<meta property=\"og:type\" content=\"article\" \/>\n<meta property=\"og:title\" content=\"Pol\u00edtica de calidad de los Laboratoires CDM Lavoisier\" \/>\n<meta property=\"og:description\" content=\"La pol\u00edtica de calidad de los Laboratoires CDM Lavoisier se basa en el control de la calidad, la trazabilidad, la seguridad y la eficacia de los productos.\" \/>\n<meta property=\"og:url\" content=\"https:\/\/www.lavoisier.com\/es\/politica-de-calidad\/\" \/>\n<meta property=\"og:site_name\" content=\"LAVOISIER\" \/>\n<meta property=\"article:modified_time\" content=\"2024-11-24T08:14:49+00:00\" \/>\n<meta name=\"twitter:card\" content=\"summary_large_image\" \/>\n<meta name=\"twitter:label1\" content=\"Tiempo de lectura\" \/>\n\t<meta name=\"twitter:data1\" content=\"6 minutos\" \/>\n<script type=\"application\/ld+json\" class=\"yoast-schema-graph\">{\"@context\":\"https:\\\/\\\/schema.org\",\"@graph\":[{\"@type\":\"WebPage\",\"@id\":\"https:\\\/\\\/www.lavoisier.com\\\/es\\\/politica-de-calidad\\\/\",\"url\":\"https:\\\/\\\/www.lavoisier.com\\\/es\\\/politica-de-calidad\\\/\",\"name\":\"Pol\u00edtica de calidad de los Laboratoires CDM Lavoisier\",\"isPartOf\":{\"@id\":\"https:\\\/\\\/www.lavoisier.com\\\/es\\\/#website\"},\"datePublished\":\"2021-08-16T08:00:10+00:00\",\"dateModified\":\"2024-11-24T08:14:49+00:00\",\"description\":\"La pol\u00edtica de calidad de los Laboratoires CDM Lavoisier se basa en el control de la calidad, la trazabilidad, la seguridad y la eficacia de los productos.\",\"breadcrumb\":{\"@id\":\"https:\\\/\\\/www.lavoisier.com\\\/es\\\/politica-de-calidad\\\/#breadcrumb\"},\"inLanguage\":\"es\",\"potentialAction\":[{\"@type\":\"ReadAction\",\"target\":[\"https:\\\/\\\/www.lavoisier.com\\\/es\\\/politica-de-calidad\\\/\"]}]},{\"@type\":\"BreadcrumbList\",\"@id\":\"https:\\\/\\\/www.lavoisier.com\\\/es\\\/politica-de-calidad\\\/#breadcrumb\",\"itemListElement\":[{\"@type\":\"ListItem\",\"position\":1,\"name\":\"Accueil\",\"item\":\"https:\\\/\\\/www.lavoisier.com\\\/es\\\/\"},{\"@type\":\"ListItem\",\"position\":2,\"name\":\"Pol\u00edtica de Calidad\"}]},{\"@type\":\"WebSite\",\"@id\":\"https:\\\/\\\/www.lavoisier.com\\\/es\\\/#website\",\"url\":\"https:\\\/\\\/www.lavoisier.com\\\/es\\\/\",\"name\":\"LAVOISIER\",\"description\":\"\",\"publisher\":{\"@id\":\"https:\\\/\\\/www.lavoisier.com\\\/es\\\/#organization\"},\"potentialAction\":[{\"@type\":\"SearchAction\",\"target\":{\"@type\":\"EntryPoint\",\"urlTemplate\":\"https:\\\/\\\/www.lavoisier.com\\\/es\\\/?s={search_term_string}\"},\"query-input\":{\"@type\":\"PropertyValueSpecification\",\"valueRequired\":true,\"valueName\":\"search_term_string\"}}],\"inLanguage\":\"es\"},{\"@type\":\"Organization\",\"@id\":\"https:\\\/\\\/www.lavoisier.com\\\/es\\\/#organization\",\"name\":\"CDM Lavoisier\",\"url\":\"https:\\\/\\\/www.lavoisier.com\\\/es\\\/\",\"logo\":{\"@type\":\"ImageObject\",\"inLanguage\":\"es\",\"@id\":\"https:\\\/\\\/www.lavoisier.com\\\/es\\\/#\\\/schema\\\/logo\\\/image\\\/\",\"url\":\"https:\\\/\\\/www.lavoisier.com\\\/wp-content\\\/uploads\\\/2017\\\/06\\\/Lavoisier-logo-05.jpg\",\"contentUrl\":\"https:\\\/\\\/www.lavoisier.com\\\/wp-content\\\/uploads\\\/2017\\\/06\\\/Lavoisier-logo-05.jpg\",\"width\":220,\"height\":52,\"caption\":\"CDM Lavoisier\"},\"image\":{\"@id\":\"https:\\\/\\\/www.lavoisier.com\\\/es\\\/#\\\/schema\\\/logo\\\/image\\\/\"},\"sameAs\":[\"https:\\\/\\\/fr.linkedin.com\\\/company\\\/cdm-lavoisier\"]}]}<\/script>\n<!-- \/ Yoast SEO plugin. -->","yoast_head_json":{"title":"Pol\u00edtica de calidad de los Laboratoires CDM Lavoisier","description":"La pol\u00edtica de calidad de los Laboratoires CDM Lavoisier se basa en el control de la calidad, la trazabilidad, la seguridad y la eficacia de los productos.","robots":{"index":"index","follow":"follow","max-snippet":"max-snippet:-1","max-image-preview":"max-image-preview:large","max-video-preview":"max-video-preview:-1"},"canonical":"https:\/\/www.lavoisier.com\/es\/politica-de-calidad\/","og_locale":"es_ES","og_type":"article","og_title":"Pol\u00edtica de calidad de los Laboratoires CDM Lavoisier","og_description":"La pol\u00edtica de calidad de los Laboratoires CDM Lavoisier se basa en el control de la calidad, la trazabilidad, la seguridad y la eficacia de los productos.","og_url":"https:\/\/www.lavoisier.com\/es\/politica-de-calidad\/","og_site_name":"LAVOISIER","article_modified_time":"2024-11-24T08:14:49+00:00","twitter_card":"summary_large_image","twitter_misc":{"Tiempo de lectura":"6 minutos"},"schema":{"@context":"https:\/\/schema.org","@graph":[{"@type":"WebPage","@id":"https:\/\/www.lavoisier.com\/es\/politica-de-calidad\/","url":"https:\/\/www.lavoisier.com\/es\/politica-de-calidad\/","name":"Pol\u00edtica de calidad de los Laboratoires CDM Lavoisier","isPartOf":{"@id":"https:\/\/www.lavoisier.com\/es\/#website"},"datePublished":"2021-08-16T08:00:10+00:00","dateModified":"2024-11-24T08:14:49+00:00","description":"La pol\u00edtica de calidad de los Laboratoires CDM Lavoisier se basa en el control de la calidad, la trazabilidad, la seguridad y la eficacia de los productos.","breadcrumb":{"@id":"https:\/\/www.lavoisier.com\/es\/politica-de-calidad\/#breadcrumb"},"inLanguage":"es","potentialAction":[{"@type":"ReadAction","target":["https:\/\/www.lavoisier.com\/es\/politica-de-calidad\/"]}]},{"@type":"BreadcrumbList","@id":"https:\/\/www.lavoisier.com\/es\/politica-de-calidad\/#breadcrumb","itemListElement":[{"@type":"ListItem","position":1,"name":"Accueil","item":"https:\/\/www.lavoisier.com\/es\/"},{"@type":"ListItem","position":2,"name":"Pol\u00edtica de Calidad"}]},{"@type":"WebSite","@id":"https:\/\/www.lavoisier.com\/es\/#website","url":"https:\/\/www.lavoisier.com\/es\/","name":"LAVOISIER","description":"","publisher":{"@id":"https:\/\/www.lavoisier.com\/es\/#organization"},"potentialAction":[{"@type":"SearchAction","target":{"@type":"EntryPoint","urlTemplate":"https:\/\/www.lavoisier.com\/es\/?s={search_term_string}"},"query-input":{"@type":"PropertyValueSpecification","valueRequired":true,"valueName":"search_term_string"}}],"inLanguage":"es"},{"@type":"Organization","@id":"https:\/\/www.lavoisier.com\/es\/#organization","name":"CDM Lavoisier","url":"https:\/\/www.lavoisier.com\/es\/","logo":{"@type":"ImageObject","inLanguage":"es","@id":"https:\/\/www.lavoisier.com\/es\/#\/schema\/logo\/image\/","url":"https:\/\/www.lavoisier.com\/wp-content\/uploads\/2017\/06\/Lavoisier-logo-05.jpg","contentUrl":"https:\/\/www.lavoisier.com\/wp-content\/uploads\/2017\/06\/Lavoisier-logo-05.jpg","width":220,"height":52,"caption":"CDM Lavoisier"},"image":{"@id":"https:\/\/www.lavoisier.com\/es\/#\/schema\/logo\/image\/"},"sameAs":["https:\/\/fr.linkedin.com\/company\/cdm-lavoisier"]}]}},"_links":{"self":[{"href":"https:\/\/www.lavoisier.com\/es\/wp-json\/wp\/v2\/pages\/4873","targetHints":{"allow":["GET"]}}],"collection":[{"href":"https:\/\/www.lavoisier.com\/es\/wp-json\/wp\/v2\/pages"}],"about":[{"href":"https:\/\/www.lavoisier.com\/es\/wp-json\/wp\/v2\/types\/page"}],"author":[{"embeddable":true,"href":"https:\/\/www.lavoisier.com\/es\/wp-json\/wp\/v2\/users\/3"}],"replies":[{"embeddable":true,"href":"https:\/\/www.lavoisier.com\/es\/wp-json\/wp\/v2\/comments?post=4873"}],"version-history":[{"count":2,"href":"https:\/\/www.lavoisier.com\/es\/wp-json\/wp\/v2\/pages\/4873\/revisions"}],"predecessor-version":[{"id":4875,"href":"https:\/\/www.lavoisier.com\/es\/wp-json\/wp\/v2\/pages\/4873\/revisions\/4875"}],"wp:attachment":[{"href":"https:\/\/www.lavoisier.com\/es\/wp-json\/wp\/v2\/media?parent=4873"}],"curies":[{"name":"wp","href":"https:\/\/api.w.org\/{rel}","templated":true}]}}