{"id":4901,"date":"2021-08-15T05:48:24","date_gmt":"2021-08-15T04:48:24","guid":{"rendered":"https:\/\/www.lavoisier.com\/transparence-des-liens\/"},"modified":"2024-12-03T14:50:43","modified_gmt":"2024-12-03T13:50:43","slug":"transparencia-vinculos","status":"publish","type":"page","link":"https:\/\/www.lavoisier.com\/es\/transparencia-vinculos\/","title":{"rendered":"Transparencia de los v\u00ednculos"},"content":{"rendered":"<p><div class=\"fusion-fullwidth fullwidth-box fusion-builder-row-1 nonhundred-percent-fullwidth non-hundred-percent-height-scrolling\" style=\"--awb-border-radius-top-left:0px;--awb-border-radius-top-right:0px;--awb-border-radius-bottom-right:0px;--awb-border-radius-bottom-left:0px;--awb-padding-top:20px;--awb-padding-bottom:20px;--awb-flex-wrap:wrap;\" ><div class=\"fusion-builder-row fusion-row\"><div class=\"fusion-layout-column fusion_builder_column fusion-builder-column-0 fusion_builder_column_1_1 1_1 fusion-one-full fusion-column-first fusion-column-last\" style=\"--awb-padding-top:15px;--awb-padding-right:15px;--awb-padding-bottom:15px;--awb-padding-left:15px;--awb-bg-size:cover;--awb-margin-bottom:0px;\"><div class=\"fusion-column-wrapper fusion-column-has-shadow fusion-flex-column-wrapper-legacy\"><div class=\"fusion-title title fusion-title-1 fusion-sep-none fusion-title-text fusion-title-size-one\" style=\"--awb-margin-bottom:0px;\"><h1 class=\"fusion-title-heading title-heading-left\" style=\"margin:0;\"><strong>Transparencia de los v\u00ednculos<\/strong><\/h1><\/div><div class=\"fusion-sep-clear\"><\/div><div class=\"fusion-separator fusion-full-width-sep\" style=\"margin-left: auto;margin-right: auto;margin-top:40px;width:100%;\"><\/div><div class=\"fusion-sep-clear\"><\/div><div class=\"fusion-text fusion-text-1\"><p>La reforma del medicamento, implementada por la ley Bertrand del 29 de diciembre de 2011, \u201crelativa al refuerzo de la seguridad sanitaria del medicamento y los productos de salud\u201d, as\u00ed como su decreto de aplicaci\u00f3n n\u00b02013-414 del 21 de mayo de 2013 \u201crelativo a la transparencia de los beneficios otorgados por las empresas que producen o comercializan productos con fines sanitarios y cosm\u00e9ticos destinados al ser humano\u201d, y la ley de modernizaci\u00f3n de nuestro sistema de salud del 26 de enero de 2016, junto con el decreto de aplicaci\u00f3n n\u00b02016-1939 del 28 de diciembre de 2016 relativo a la declaraci\u00f3n p\u00fablica de intereses prevista en el art\u00edculo L. 1451-1 del c\u00f3digo de salud p\u00fablica y \u201crelativo a la transparencia de los beneficios otorgados por las empresas que producen o comercializan productos con fines sanitarios y cosm\u00e9ticos destinados al ser humano\u201d, tienen como objetivo mejorar la transparencia de todo el sistema de salud y sus pr\u00e1cticas, estableciendo la obligaci\u00f3n de publicar los v\u00ednculos de inter\u00e9s que las empresas farmac\u00e9uticas mantienen con sus socios profesionales en el sector de la salud (establecimientos de salud, sociedades de consultor\u00eda, estudiantes, asociaciones de profesionales, profesionales de salud, etc.).<\/p>\n<p>Por lo tanto, cualquier empresa que produzca o comercialice productos con fines sanitarios o cosm\u00e9ticos debe hacer p\u00fablicos, public\u00e1ndolos en la base de datos p\u00fablica Transparencia Salud del Ministerio de Asuntos Sociales y de la Salud, los beneficios otorgados a los diferentes actores de salud, los acuerdos celebrados con estos actores, as\u00ed como las remuneraciones pagadas en el marco de dichos acuerdos.<\/p>\n<p>De acuerdo con la ley \u201cInform\u00e1tica y Libertades\u201d 78-17 del 6 de enero de 1978, modificada por la ley del 6 de agosto de 2004, los Laboratorios CDM Lavoisier son responsables del tratamiento de estos datos y se aseguran de que sean tratados de manera leal y l\u00edcita.<\/p>\n<p>Los datos publicados est\u00e1n en l\u00ednea en nuestro sitio web para cumplir con la ley sobre la transparencia de los v\u00ednculos de inter\u00e9s. CDM Lavoisier no podr\u00e1 ser responsabilizado por el uso que terceros puedan hacer de ellos, dado que la informaci\u00f3n difundida en Internet es de libre captaci\u00f3n y es dif\u00edcil, incluso imposible, controlar su utilizaci\u00f3n.<\/p>\n<p>De acuerdo con el decreto 2005-1309 del 20 de octubre de 2005 de esta misma ley, todos nuestros socios concernidos tienen derecho a acceder y rectificar los datos que les conciernen. Pueden ejercer esta solicitud de rectificaci\u00f3n en la base de datos p\u00fablica Transparencia Salud del Ministerio de Asuntos Sociales y de la Salud.<\/p>\n<\/div><div class=\"fusion-clearfix\"><\/div><\/div><\/div><\/div><\/div><div class=\"fusion-fullwidth fullwidth-box fusion-builder-row-2 nonhundred-percent-fullwidth non-hundred-percent-height-scrolling\" style=\"--awb-border-radius-top-left:0px;--awb-border-radius-top-right:0px;--awb-border-radius-bottom-right:0px;--awb-border-radius-bottom-left:0px;--awb-padding-top:0px;--awb-padding-bottom:20px;--awb-flex-wrap:wrap;\" ><div class=\"fusion-builder-row fusion-row\"><div class=\"fusion-layout-column fusion_builder_column fusion-builder-column-1 fusion_builder_column_1_2 1_2 fusion-one-half fusion-column-first\" style=\"--awb-padding-top:20px;--awb-padding-right:20px;--awb-padding-bottom:10px;--awb-padding-left:20px;--awb-overflow:hidden;--awb-bg-color:#efefef;--awb-bg-color-hover:#efefef;--awb-bg-size:cover;--awb-border-radius:15px 15px 15px 15px;width:50%;width:calc(50% - ( ( 4% ) * 0.5 ) );margin-right: 4%;\"><div class=\"fusion-column-wrapper fusion-column-has-shadow fusion-flex-column-wrapper-legacy\"><div class=\"fusion-text fusion-text-2\"><p>Para saber m\u00e1s<\/p>\n<p>Consulte la base de datos de transparencia sanitaria :<\/p>\n<p><a href=\"https:\/\/www.transparence.sante.gouv.fr\/flow\/main;jsessionid=AF1A6FC818DAA9ABCCF6DEC7ED9D2BD8?execution=e1s1\" target=\"_blank\" rel=\"noopener noreferrer\">www.transparence.sante.gouv.fr<\/a><\/p>\n<\/div><div class=\"fusion-clearfix\"><\/div><\/div><\/div><\/div><\/div><\/p>\n","protected":false},"excerpt":{"rendered":"","protected":false},"author":3,"featured_media":0,"parent":0,"menu_order":0,"comment_status":"closed","ping_status":"closed","template":"","meta":{"content-type":"","footnotes":""},"class_list":["post-4901","page","type-page","status-publish","hentry"],"yoast_head":"<!-- This site is optimized with the Yoast SEO plugin v27.3 - https:\/\/yoast.com\/product\/yoast-seo-wordpress\/ -->\n<title>Transparencia de los v\u00ednculos : laboratorios CDM Lavoisier<\/title>\n<meta name=\"description\" content=\"Transparencia de los v\u00ednculos: los laboratorios CDM Lavoisier se ajustan a la reforma antidroga - Ley Bertrand de 29 de diciembre de 2011\" \/>\n<meta name=\"robots\" content=\"index, follow, max-snippet:-1, max-image-preview:large, max-video-preview:-1\" \/>\n<link rel=\"canonical\" href=\"https:\/\/www.lavoisier.com\/es\/transparencia-vinculos\/\" \/>\n<meta property=\"og:locale\" content=\"es_ES\" \/>\n<meta property=\"og:type\" content=\"article\" \/>\n<meta property=\"og:title\" content=\"Transparencia de los v\u00ednculos : laboratorios CDM Lavoisier\" \/>\n<meta property=\"og:description\" content=\"Transparencia de los v\u00ednculos: los laboratorios CDM Lavoisier se ajustan a la reforma antidroga - Ley Bertrand de 29 de diciembre de 2011\" \/>\n<meta property=\"og:url\" content=\"https:\/\/www.lavoisier.com\/es\/transparencia-vinculos\/\" \/>\n<meta property=\"og:site_name\" content=\"LAVOISIER\" \/>\n<meta property=\"article:modified_time\" content=\"2024-12-03T13:50:43+00:00\" \/>\n<meta name=\"twitter:card\" content=\"summary_large_image\" \/>\n<meta name=\"twitter:label1\" content=\"Tiempo de lectura\" \/>\n\t<meta name=\"twitter:data1\" content=\"4 minutos\" \/>\n<script type=\"application\/ld+json\" class=\"yoast-schema-graph\">{\"@context\":\"https:\\\/\\\/schema.org\",\"@graph\":[{\"@type\":\"WebPage\",\"@id\":\"https:\\\/\\\/www.lavoisier.com\\\/es\\\/transparencia-vinculos\\\/\",\"url\":\"https:\\\/\\\/www.lavoisier.com\\\/es\\\/transparencia-vinculos\\\/\",\"name\":\"Transparencia de los v\u00ednculos : laboratorios CDM Lavoisier\",\"isPartOf\":{\"@id\":\"https:\\\/\\\/www.lavoisier.com\\\/es\\\/#website\"},\"datePublished\":\"2021-08-15T04:48:24+00:00\",\"dateModified\":\"2024-12-03T13:50:43+00:00\",\"description\":\"Transparencia de los v\u00ednculos: los laboratorios CDM Lavoisier se ajustan a la reforma antidroga - Ley Bertrand de 29 de diciembre de 2011\",\"breadcrumb\":{\"@id\":\"https:\\\/\\\/www.lavoisier.com\\\/es\\\/transparencia-vinculos\\\/#breadcrumb\"},\"inLanguage\":\"es\",\"potentialAction\":[{\"@type\":\"ReadAction\",\"target\":[\"https:\\\/\\\/www.lavoisier.com\\\/es\\\/transparencia-vinculos\\\/\"]}]},{\"@type\":\"BreadcrumbList\",\"@id\":\"https:\\\/\\\/www.lavoisier.com\\\/es\\\/transparencia-vinculos\\\/#breadcrumb\",\"itemListElement\":[{\"@type\":\"ListItem\",\"position\":1,\"name\":\"Accueil\",\"item\":\"https:\\\/\\\/www.lavoisier.com\\\/es\\\/\"},{\"@type\":\"ListItem\",\"position\":2,\"name\":\"Transparencia de los v\u00ednculos\"}]},{\"@type\":\"WebSite\",\"@id\":\"https:\\\/\\\/www.lavoisier.com\\\/es\\\/#website\",\"url\":\"https:\\\/\\\/www.lavoisier.com\\\/es\\\/\",\"name\":\"LAVOISIER\",\"description\":\"\",\"publisher\":{\"@id\":\"https:\\\/\\\/www.lavoisier.com\\\/es\\\/#organization\"},\"potentialAction\":[{\"@type\":\"SearchAction\",\"target\":{\"@type\":\"EntryPoint\",\"urlTemplate\":\"https:\\\/\\\/www.lavoisier.com\\\/es\\\/?s={search_term_string}\"},\"query-input\":{\"@type\":\"PropertyValueSpecification\",\"valueRequired\":true,\"valueName\":\"search_term_string\"}}],\"inLanguage\":\"es\"},{\"@type\":\"Organization\",\"@id\":\"https:\\\/\\\/www.lavoisier.com\\\/es\\\/#organization\",\"name\":\"CDM Lavoisier\",\"url\":\"https:\\\/\\\/www.lavoisier.com\\\/es\\\/\",\"logo\":{\"@type\":\"ImageObject\",\"inLanguage\":\"es\",\"@id\":\"https:\\\/\\\/www.lavoisier.com\\\/es\\\/#\\\/schema\\\/logo\\\/image\\\/\",\"url\":\"https:\\\/\\\/www.lavoisier.com\\\/wp-content\\\/uploads\\\/2017\\\/06\\\/Lavoisier-logo-05.jpg\",\"contentUrl\":\"https:\\\/\\\/www.lavoisier.com\\\/wp-content\\\/uploads\\\/2017\\\/06\\\/Lavoisier-logo-05.jpg\",\"width\":220,\"height\":52,\"caption\":\"CDM Lavoisier\"},\"image\":{\"@id\":\"https:\\\/\\\/www.lavoisier.com\\\/es\\\/#\\\/schema\\\/logo\\\/image\\\/\"},\"sameAs\":[\"https:\\\/\\\/fr.linkedin.com\\\/company\\\/cdm-lavoisier\"]}]}<\/script>\n<!-- \/ Yoast SEO plugin. -->","yoast_head_json":{"title":"Transparencia de los v\u00ednculos : laboratorios CDM Lavoisier","description":"Transparencia de los v\u00ednculos: los laboratorios CDM Lavoisier se ajustan a la reforma antidroga - Ley Bertrand de 29 de diciembre de 2011","robots":{"index":"index","follow":"follow","max-snippet":"max-snippet:-1","max-image-preview":"max-image-preview:large","max-video-preview":"max-video-preview:-1"},"canonical":"https:\/\/www.lavoisier.com\/es\/transparencia-vinculos\/","og_locale":"es_ES","og_type":"article","og_title":"Transparencia de los v\u00ednculos : laboratorios CDM Lavoisier","og_description":"Transparencia de los v\u00ednculos: los laboratorios CDM Lavoisier se ajustan a la reforma antidroga - Ley Bertrand de 29 de diciembre de 2011","og_url":"https:\/\/www.lavoisier.com\/es\/transparencia-vinculos\/","og_site_name":"LAVOISIER","article_modified_time":"2024-12-03T13:50:43+00:00","twitter_card":"summary_large_image","twitter_misc":{"Tiempo de lectura":"4 minutos"},"schema":{"@context":"https:\/\/schema.org","@graph":[{"@type":"WebPage","@id":"https:\/\/www.lavoisier.com\/es\/transparencia-vinculos\/","url":"https:\/\/www.lavoisier.com\/es\/transparencia-vinculos\/","name":"Transparencia de los v\u00ednculos : laboratorios CDM Lavoisier","isPartOf":{"@id":"https:\/\/www.lavoisier.com\/es\/#website"},"datePublished":"2021-08-15T04:48:24+00:00","dateModified":"2024-12-03T13:50:43+00:00","description":"Transparencia de los v\u00ednculos: los laboratorios CDM Lavoisier se ajustan a la reforma antidroga - Ley Bertrand de 29 de diciembre de 2011","breadcrumb":{"@id":"https:\/\/www.lavoisier.com\/es\/transparencia-vinculos\/#breadcrumb"},"inLanguage":"es","potentialAction":[{"@type":"ReadAction","target":["https:\/\/www.lavoisier.com\/es\/transparencia-vinculos\/"]}]},{"@type":"BreadcrumbList","@id":"https:\/\/www.lavoisier.com\/es\/transparencia-vinculos\/#breadcrumb","itemListElement":[{"@type":"ListItem","position":1,"name":"Accueil","item":"https:\/\/www.lavoisier.com\/es\/"},{"@type":"ListItem","position":2,"name":"Transparencia de los v\u00ednculos"}]},{"@type":"WebSite","@id":"https:\/\/www.lavoisier.com\/es\/#website","url":"https:\/\/www.lavoisier.com\/es\/","name":"LAVOISIER","description":"","publisher":{"@id":"https:\/\/www.lavoisier.com\/es\/#organization"},"potentialAction":[{"@type":"SearchAction","target":{"@type":"EntryPoint","urlTemplate":"https:\/\/www.lavoisier.com\/es\/?s={search_term_string}"},"query-input":{"@type":"PropertyValueSpecification","valueRequired":true,"valueName":"search_term_string"}}],"inLanguage":"es"},{"@type":"Organization","@id":"https:\/\/www.lavoisier.com\/es\/#organization","name":"CDM Lavoisier","url":"https:\/\/www.lavoisier.com\/es\/","logo":{"@type":"ImageObject","inLanguage":"es","@id":"https:\/\/www.lavoisier.com\/es\/#\/schema\/logo\/image\/","url":"https:\/\/www.lavoisier.com\/wp-content\/uploads\/2017\/06\/Lavoisier-logo-05.jpg","contentUrl":"https:\/\/www.lavoisier.com\/wp-content\/uploads\/2017\/06\/Lavoisier-logo-05.jpg","width":220,"height":52,"caption":"CDM Lavoisier"},"image":{"@id":"https:\/\/www.lavoisier.com\/es\/#\/schema\/logo\/image\/"},"sameAs":["https:\/\/fr.linkedin.com\/company\/cdm-lavoisier"]}]}},"_links":{"self":[{"href":"https:\/\/www.lavoisier.com\/es\/wp-json\/wp\/v2\/pages\/4901","targetHints":{"allow":["GET"]}}],"collection":[{"href":"https:\/\/www.lavoisier.com\/es\/wp-json\/wp\/v2\/pages"}],"about":[{"href":"https:\/\/www.lavoisier.com\/es\/wp-json\/wp\/v2\/types\/page"}],"author":[{"embeddable":true,"href":"https:\/\/www.lavoisier.com\/es\/wp-json\/wp\/v2\/users\/3"}],"replies":[{"embeddable":true,"href":"https:\/\/www.lavoisier.com\/es\/wp-json\/wp\/v2\/comments?post=4901"}],"version-history":[{"count":1,"href":"https:\/\/www.lavoisier.com\/es\/wp-json\/wp\/v2\/pages\/4901\/revisions"}],"predecessor-version":[{"id":4902,"href":"https:\/\/www.lavoisier.com\/es\/wp-json\/wp\/v2\/pages\/4901\/revisions\/4902"}],"wp:attachment":[{"href":"https:\/\/www.lavoisier.com\/es\/wp-json\/wp\/v2\/media?parent=4901"}],"curies":[{"name":"wp","href":"https:\/\/api.w.org\/{rel}","templated":true}]}}