{"id":1609,"date":"2021-11-08T16:33:31","date_gmt":"2021-11-08T15:33:31","guid":{"rendered":"https:\/\/www.lavoisier.com\/?page_id=1609"},"modified":"2022-02-14T16:46:19","modified_gmt":"2022-02-14T15:46:19","slug":"faq","status":"publish","type":"page","link":"https:\/\/www.lavoisier.com\/fr\/faq\/","title":{"rendered":"FAQ"},"content":{"rendered":"<p><div class=\"fusion-fullwidth fullwidth-box fusion-builder-row-1 nonhundred-percent-fullwidth non-hundred-percent-height-scrolling\" style=\"--awb-border-radius-top-left:0px;--awb-border-radius-top-right:0px;--awb-border-radius-bottom-right:0px;--awb-border-radius-bottom-left:0px;--awb-padding-top:0px;--awb-padding-bottom:0px;--awb-flex-wrap:wrap;\" ><div class=\"fusion-builder-row fusion-row\"><div class=\"fusion-layout-column fusion_builder_column fusion-builder-column-0 fusion_builder_column_1_1 1_1 fusion-one-full fusion-column-first fusion-column-last\" style=\"--awb-padding-top:15px;--awb-padding-right:15px;--awb-padding-bottom:15px;--awb-padding-left:15px;--awb-bg-size:cover;\"><div class=\"fusion-column-wrapper fusion-column-has-shadow fusion-flex-column-wrapper-legacy\"><div class=\"fusion-title title fusion-title-1 fusion-sep-none fusion-title-text fusion-title-size-one\" style=\"--awb-margin-bottom:0px;\"><h1 class=\"fusion-title-heading title-heading-left\" style=\"margin:0;\">La Foire Aux Questions<\/h1><\/div><div class=\"fusion-clearfix\"><\/div><\/div><\/div><\/div><\/div><div class=\"fusion-fullwidth fullwidth-box fusion-builder-row-2 nonhundred-percent-fullwidth non-hundred-percent-height-scrolling\" style=\"--awb-border-radius-top-left:0px;--awb-border-radius-top-right:0px;--awb-border-radius-bottom-right:0px;--awb-border-radius-bottom-left:0px;--awb-padding-top:0px;--awb-padding-bottom:0px;--awb-flex-wrap:wrap;\" ><div class=\"fusion-builder-row fusion-row\"><div class=\"fusion-layout-column fusion_builder_column fusion-builder-column-1 fusion_builder_column_1_1 1_1 fusion-one-full fusion-column-first fusion-column-last\" style=\"--awb-padding-top:15px;--awb-padding-right:15px;--awb-padding-bottom:15px;--awb-padding-left:15px;--awb-bg-size:cover;--awb-margin-bottom:0px;\"><div class=\"fusion-column-wrapper fusion-column-has-shadow fusion-flex-column-wrapper-legacy\"><div class=\"fusion-title title fusion-title-2 fusion-sep-none fusion-title-text fusion-title-size-two\" style=\"--awb-margin-bottom:0px;\"><h2 class=\"fusion-title-heading title-heading-left\" style=\"margin:0;\">Commandes<\/h2><\/div><div class=\"fusion-clearfix\"><\/div><\/div><\/div><\/div><\/div><div class=\"fusion-fullwidth fullwidth-box fusion-builder-row-3 nonhundred-percent-fullwidth non-hundred-percent-height-scrolling\" style=\"--awb-border-radius-top-left:0px;--awb-border-radius-top-right:0px;--awb-border-radius-bottom-right:0px;--awb-border-radius-bottom-left:0px;--awb-padding-top:0px;--awb-padding-bottom:0px;--awb-flex-wrap:wrap;\" ><div class=\"fusion-builder-row fusion-row\"><div class=\"fusion-layout-column fusion_builder_column fusion-builder-column-2 fusion_builder_column_1_1 1_1 fusion-one-full fusion-column-first fusion-column-last\" style=\"--awb-padding-right:15px;--awb-padding-left:60px;--awb-bg-size:cover;\"><div class=\"fusion-column-wrapper fusion-column-has-shadow fusion-flex-column-wrapper-legacy\"><div class=\"accordian fusion-accordian\" style=\"--awb-border-size:1px;--awb-icon-size:13px;--awb-content-font-size:15px;--awb-icon-alignment:left;--awb-hover-color:#f9f9f9;--awb-border-color:#cccccc;--awb-background-color:#ffffff;--awb-divider-color:#e0dede;--awb-divider-hover-color:#e0dede;--awb-icon-color:#ffffff;--awb-title-color:#1e8aaa;--awb-content-color:#747474;--awb-icon-box-color:#333333;--awb-toggle-hover-accent-color:#a0ce4e;--awb-title-font-family:&quot;Open Sans&quot;;--awb-title-font-weight:600;--awb-title-font-style:normal;--awb-title-font-size:13px;--awb-content-font-family:&quot;PT Sans&quot;;--awb-content-font-style:normal;--awb-content-font-weight:400;\"><div class=\"panel-group fusion-toggle-icon-boxed\" id=\"accordion-1609-1\"><div class=\"fusion-panel panel-default panel-9d11c439e93d53bd4 fusion-toggle-has-divider\"><div class=\"panel-heading\"><h4 class=\"panel-title toggle\" id=\"toggle_9d11c439e93d53bd4\"><a aria-expanded=\"false\" aria-controls=\"9d11c439e93d53bd4\" role=\"button\" data-toggle=\"collapse\" data-parent=\"#accordion-1609-1\" data-target=\"#9d11c439e93d53bd4\" href=\"#9d11c439e93d53bd4\"><span class=\"fusion-toggle-icon-wrapper\" aria-hidden=\"true\"><i class=\"fa-fusion-box active-icon awb-icon-minus\" aria-hidden=\"true\"><\/i><i class=\"fa-fusion-box inactive-icon awb-icon-plus\" aria-hidden=\"true\"><\/i><\/span><span class=\"fusion-toggle-heading\">Informations commerciales<\/span><\/a><\/h4><\/div><div id=\"9d11c439e93d53bd4\" class=\"panel-collapse collapse \" aria-labelledby=\"toggle_9d11c439e93d53bd4\"><div class=\"panel-body toggle-content fusion-clearfix\">\n<p>Pour toute demande d&rsquo;information commerciale (devis, renseignement produits), vous pouvez contacter le service clients\u00a0\u00a0par t\u00e9l\u00e9phone : 01 55 37 83 83 ou par e-mail \u00e0 l&rsquo;adresse suivante : commercial@lavoisier.com<\/p>\n<\/div><\/div><\/div><div class=\"fusion-panel panel-default panel-7e40e7e8bbc617b2d fusion-toggle-has-divider\"><div class=\"panel-heading\"><h4 class=\"panel-title toggle\" id=\"toggle_7e40e7e8bbc617b2d\"><a aria-expanded=\"false\" aria-controls=\"7e40e7e8bbc617b2d\" role=\"button\" data-toggle=\"collapse\" data-parent=\"#accordion-1609-1\" data-target=\"#7e40e7e8bbc617b2d\" href=\"#7e40e7e8bbc617b2d\"><span class=\"fusion-toggle-icon-wrapper\" aria-hidden=\"true\"><i class=\"fa-fusion-box active-icon awb-icon-minus\" aria-hidden=\"true\"><\/i><i class=\"fa-fusion-box inactive-icon awb-icon-plus\" aria-hidden=\"true\"><\/i><\/span><span class=\"fusion-toggle-heading\">Comment passer ma commande ?<\/span><\/a><\/h4><\/div><div id=\"7e40e7e8bbc617b2d\" class=\"panel-collapse collapse \" aria-labelledby=\"toggle_7e40e7e8bbc617b2d\"><div class=\"panel-body toggle-content fusion-clearfix\">\n<p>Vous pouvez ouvrir un compte au sein du laboratoire en contactant le service client par t\u00e9l\u00e9phone : 01 55 37 83 83 ou par e-mail \u00e0 l&rsquo;adresse suivante : commercial@lavoisier.com<\/p>\n<p>Votre commande peut-\u00eatre transmise par fax : 01 55 37 83 84 ou par e-mail : commande@lavoisier.com<\/p>\n<p>Les commandes de stup\u00e9fiant peuvent \u00eatre transmises par fax : 02 54 74 58 84 ou par e-mail : commercial@lavoisier.com<\/p>\n<p>Nous r\u00e9ceptionnons \u00e9galement les commandes EDI : fax (oui) &#8211; Informatique (oui) (EDIPHARM Grossistes) (HOSPITALIS H\u00f4pitaux)<\/p>\n<\/div><\/div><\/div><div class=\"fusion-panel panel-default panel-547c2648f963a1b6c fusion-toggle-has-divider\"><div class=\"panel-heading\"><h4 class=\"panel-title toggle\" id=\"toggle_547c2648f963a1b6c\"><a aria-expanded=\"false\" aria-controls=\"547c2648f963a1b6c\" role=\"button\" data-toggle=\"collapse\" data-parent=\"#accordion-1609-1\" data-target=\"#547c2648f963a1b6c\" href=\"#547c2648f963a1b6c\"><span class=\"fusion-toggle-icon-wrapper\" aria-hidden=\"true\"><i class=\"fa-fusion-box active-icon awb-icon-minus\" aria-hidden=\"true\"><\/i><i class=\"fa-fusion-box inactive-icon awb-icon-plus\" aria-hidden=\"true\"><\/i><\/span><span class=\"fusion-toggle-heading\">Quels sont les d\u00e9lais de livraison ?<\/span><\/a><\/h4><\/div><div id=\"547c2648f963a1b6c\" class=\"panel-collapse collapse \" aria-labelledby=\"toggle_547c2648f963a1b6c\"><div class=\"panel-body toggle-content fusion-clearfix\">\n<p>Les d\u00e9lais de livraison sont en g\u00e9n\u00e9ral de 24\/48 h (sans engagement de notre part). Une commande peut-\u00eatre livr\u00e9e dans les 24 h si celle-ci nous est parvenue la veille avant 15 h et \u00e0 la condition qu&rsquo;elle ne depasse pas un certain poids.<\/p>\n<\/div><\/div><\/div><div class=\"fusion-panel panel-default panel-03057129e8d141ac4 fusion-toggle-has-divider\"><div class=\"panel-heading\"><h4 class=\"panel-title toggle\" id=\"toggle_03057129e8d141ac4\"><a aria-expanded=\"false\" aria-controls=\"03057129e8d141ac4\" role=\"button\" data-toggle=\"collapse\" data-parent=\"#accordion-1609-1\" data-target=\"#03057129e8d141ac4\" href=\"#03057129e8d141ac4\"><span class=\"fusion-toggle-icon-wrapper\" aria-hidden=\"true\"><i class=\"fa-fusion-box active-icon awb-icon-minus\" aria-hidden=\"true\"><\/i><i class=\"fa-fusion-box inactive-icon awb-icon-plus\" aria-hidden=\"true\"><\/i><\/span><span class=\"fusion-toggle-heading\">Comment suivre ma commande ?<\/span><\/a><\/h4><\/div><div id=\"03057129e8d141ac4\" class=\"panel-collapse collapse \" aria-labelledby=\"toggle_03057129e8d141ac4\"><div class=\"panel-body toggle-content fusion-clearfix\">\n<p>Vous pouvez suivre votre commande en contactant le service client par t\u00e9l\u00e9phone au 01 55 37 83 83.<\/p>\n<\/div><\/div><\/div><\/div><\/div><div class=\"fusion-clearfix\"><\/div><\/div><\/div><\/div><\/div><div class=\"fusion-fullwidth fullwidth-box fusion-builder-row-4 nonhundred-percent-fullwidth non-hundred-percent-height-scrolling\" style=\"--awb-border-radius-top-left:0px;--awb-border-radius-top-right:0px;--awb-border-radius-bottom-right:0px;--awb-border-radius-bottom-left:0px;--awb-padding-top:0px;--awb-padding-bottom:0px;--awb-flex-wrap:wrap;\" ><div class=\"fusion-builder-row fusion-row\"><div class=\"fusion-layout-column fusion_builder_column fusion-builder-column-3 fusion_builder_column_1_1 1_1 fusion-one-full fusion-column-first fusion-column-last\" style=\"--awb-padding-top:15px;--awb-padding-right:15px;--awb-padding-bottom:15px;--awb-padding-left:15px;--awb-bg-size:cover;--awb-margin-bottom:0px;\"><div class=\"fusion-column-wrapper fusion-column-has-shadow fusion-flex-column-wrapper-legacy\"><div class=\"fusion-title title fusion-title-3 fusion-sep-none fusion-title-text fusion-title-size-two\" style=\"--awb-margin-bottom:0px;\"><h2 class=\"fusion-title-heading title-heading-left\" style=\"margin:0;\">R\u00e9clamations<\/h2><\/div><div class=\"fusion-clearfix\"><\/div><\/div><\/div><\/div><\/div><div class=\"fusion-fullwidth fullwidth-box fusion-builder-row-5 nonhundred-percent-fullwidth non-hundred-percent-height-scrolling\" style=\"--awb-border-radius-top-left:0px;--awb-border-radius-top-right:0px;--awb-border-radius-bottom-right:0px;--awb-border-radius-bottom-left:0px;--awb-padding-top:0px;--awb-padding-bottom:0px;--awb-flex-wrap:wrap;\" ><div class=\"fusion-builder-row fusion-row\"><div class=\"fusion-layout-column fusion_builder_column fusion-builder-column-4 fusion_builder_column_1_1 1_1 fusion-one-full fusion-column-first fusion-column-last\" style=\"--awb-padding-right:15px;--awb-padding-left:60px;--awb-bg-size:cover;\"><div class=\"fusion-column-wrapper fusion-column-has-shadow fusion-flex-column-wrapper-legacy\"><div class=\"accordian fusion-accordian\" style=\"--awb-border-size:1px;--awb-icon-size:13px;--awb-content-font-size:15px;--awb-icon-alignment:left;--awb-hover-color:#f9f9f9;--awb-border-color:#cccccc;--awb-background-color:#ffffff;--awb-divider-color:#e0dede;--awb-divider-hover-color:#e0dede;--awb-icon-color:#ffffff;--awb-title-color:#1e8aaa;--awb-content-color:#747474;--awb-icon-box-color:#333333;--awb-toggle-hover-accent-color:#a0ce4e;--awb-title-font-family:&quot;Open Sans&quot;;--awb-title-font-weight:600;--awb-title-font-style:normal;--awb-title-font-size:13px;--awb-content-font-family:&quot;PT Sans&quot;;--awb-content-font-style:normal;--awb-content-font-weight:400;\"><div class=\"panel-group fusion-toggle-icon-boxed\" id=\"accordion-1609-2\"><div class=\"fusion-panel panel-default panel-4aeedde807e042908 fusion-toggle-has-divider\"><div class=\"panel-heading\"><h4 class=\"panel-title toggle\" id=\"toggle_4aeedde807e042908\"><a aria-expanded=\"false\" aria-controls=\"4aeedde807e042908\" role=\"button\" data-toggle=\"collapse\" data-parent=\"#accordion-1609-2\" data-target=\"#4aeedde807e042908\" href=\"#4aeedde807e042908\"><span class=\"fusion-toggle-icon-wrapper\" aria-hidden=\"true\"><i class=\"fa-fusion-box active-icon awb-icon-minus\" aria-hidden=\"true\"><\/i><i class=\"fa-fusion-box inactive-icon awb-icon-plus\" aria-hidden=\"true\"><\/i><\/span><span class=\"fusion-toggle-heading\">J'ai r\u00e9ceptionn\u00e9 ma marchandise en mauvais \u00e9tat, quelle est la proc\u00e9dure ?<\/span><\/a><\/h4><\/div><div id=\"4aeedde807e042908\" class=\"panel-collapse collapse \" aria-labelledby=\"toggle_4aeedde807e042908\"><div class=\"panel-body toggle-content fusion-clearfix\">\n<p>Contacter le service client\u00a0\u00a0par t\u00e9l\u00e9phone : 01 55 37 83 83 ou par e-mail \u00e0 l&rsquo;adresse suivante : commercial@lavoisier.com celui-ci vous donnera la marche \u00e0 suivre.<\/p>\n<\/div><\/div><\/div><div class=\"fusion-panel panel-default panel-fd3c21d89fca35991 fusion-toggle-has-divider\"><div class=\"panel-heading\"><h4 class=\"panel-title toggle\" id=\"toggle_fd3c21d89fca35991\"><a aria-expanded=\"false\" aria-controls=\"fd3c21d89fca35991\" role=\"button\" data-toggle=\"collapse\" data-parent=\"#accordion-1609-2\" data-target=\"#fd3c21d89fca35991\" href=\"#fd3c21d89fca35991\"><span class=\"fusion-toggle-icon-wrapper\" aria-hidden=\"true\"><i class=\"fa-fusion-box active-icon awb-icon-minus\" aria-hidden=\"true\"><\/i><i class=\"fa-fusion-box inactive-icon awb-icon-plus\" aria-hidden=\"true\"><\/i><\/span><span class=\"fusion-toggle-heading\">Pour toute demande li\u00e9e \u00e0 un probl\u00e8me qualit\u00e9 <\/span><\/a><\/h4><\/div><div id=\"fd3c21d89fca35991\" class=\"panel-collapse collapse \" aria-labelledby=\"toggle_fd3c21d89fca35991\"><div class=\"panel-body toggle-content fusion-clearfix\">\n<p>Contacter le service client\u00a0\u00a0par t\u00e9l\u00e9phone : 01 55 37 83 83 ou par e-mail \u00e0 l&rsquo;adresse suivante : commercial@lavoisier.com<\/p>\n<\/div><\/div><\/div><div class=\"fusion-panel panel-default panel-2b41f498f55923219 fusion-toggle-has-divider\"><div class=\"panel-heading\"><h4 class=\"panel-title toggle\" id=\"toggle_2b41f498f55923219\"><a aria-expanded=\"false\" aria-controls=\"2b41f498f55923219\" role=\"button\" data-toggle=\"collapse\" data-parent=\"#accordion-1609-2\" data-target=\"#2b41f498f55923219\" href=\"#2b41f498f55923219\"><span class=\"fusion-toggle-icon-wrapper\" aria-hidden=\"true\"><i class=\"fa-fusion-box active-icon awb-icon-minus\" aria-hidden=\"true\"><\/i><i class=\"fa-fusion-box inactive-icon awb-icon-plus\" aria-hidden=\"true\"><\/i><\/span><span class=\"fusion-toggle-heading\">Je suis en attente d'un avoir suite \u00e0 un litige <\/span><\/a><\/h4><\/div><div id=\"2b41f498f55923219\" class=\"panel-collapse collapse \" aria-labelledby=\"toggle_2b41f498f55923219\"><div class=\"panel-body toggle-content fusion-clearfix\">\n<p>Contacter le service client\u00a0\u00a0par t\u00e9l\u00e9phone : 01 55 37 83 83 ou par e-mail \u00e0 l&rsquo;adresse suivante : commercial@lavoisier.com<\/p>\n<\/div><\/div><\/div><\/div><\/div><div class=\"fusion-clearfix\"><\/div><\/div><\/div><\/div><\/div><div class=\"fusion-fullwidth fullwidth-box fusion-builder-row-6 nonhundred-percent-fullwidth non-hundred-percent-height-scrolling\" style=\"--awb-border-radius-top-left:0px;--awb-border-radius-top-right:0px;--awb-border-radius-bottom-right:0px;--awb-border-radius-bottom-left:0px;--awb-padding-top:0px;--awb-padding-bottom:0px;--awb-flex-wrap:wrap;\" ><div class=\"fusion-builder-row fusion-row\"><div class=\"fusion-layout-column fusion_builder_column fusion-builder-column-5 fusion_builder_column_1_1 1_1 fusion-one-full fusion-column-first fusion-column-last\" style=\"--awb-padding-top:15px;--awb-padding-right:15px;--awb-padding-bottom:15px;--awb-padding-left:15px;--awb-bg-size:cover;--awb-margin-bottom:0px;\"><div class=\"fusion-column-wrapper fusion-column-has-shadow fusion-flex-column-wrapper-legacy\"><div class=\"fusion-title title fusion-title-4 fusion-sep-none fusion-title-text fusion-title-size-two\" style=\"--awb-margin-bottom:0px;\"><h2 class=\"fusion-title-heading title-heading-left\" style=\"margin:0;\">Informations m\u00e9dicales<\/h2><\/div><div class=\"fusion-clearfix\"><\/div><\/div><\/div><\/div><\/div><div class=\"fusion-fullwidth fullwidth-box fusion-builder-row-7 nonhundred-percent-fullwidth non-hundred-percent-height-scrolling\" style=\"--awb-border-radius-top-left:0px;--awb-border-radius-top-right:0px;--awb-border-radius-bottom-right:0px;--awb-border-radius-bottom-left:0px;--awb-padding-top:0px;--awb-padding-bottom:0px;--awb-flex-wrap:wrap;\" ><div class=\"fusion-builder-row fusion-row\"><div class=\"fusion-layout-column fusion_builder_column fusion-builder-column-6 fusion_builder_column_1_1 1_1 fusion-one-full fusion-column-first fusion-column-last\" style=\"--awb-padding-right:15px;--awb-padding-left:60px;--awb-bg-size:cover;\"><div class=\"fusion-column-wrapper fusion-column-has-shadow fusion-flex-column-wrapper-legacy\"><div class=\"accordian fusion-accordian\" style=\"--awb-border-size:1px;--awb-icon-size:13px;--awb-content-font-size:15px;--awb-icon-alignment:left;--awb-hover-color:#f9f9f9;--awb-border-color:#cccccc;--awb-background-color:#ffffff;--awb-divider-color:#e0dede;--awb-divider-hover-color:#e0dede;--awb-icon-color:#ffffff;--awb-title-color:#1e8aaa;--awb-content-color:#747474;--awb-icon-box-color:#333333;--awb-toggle-hover-accent-color:#a0ce4e;--awb-title-font-family:&quot;Open Sans&quot;;--awb-title-font-weight:600;--awb-title-font-style:normal;--awb-title-font-size:13px;--awb-content-font-family:&quot;PT Sans&quot;;--awb-content-font-style:normal;--awb-content-font-weight:400;\"><div class=\"panel-group fusion-toggle-icon-boxed\" id=\"accordion-1609-3\"><div class=\"fusion-panel panel-default panel-f4beee9a97c3b02ea fusion-toggle-has-divider\"><div class=\"panel-heading\"><h4 class=\"panel-title toggle\" id=\"toggle_f4beee9a97c3b02ea\"><a aria-expanded=\"false\" aria-controls=\"f4beee9a97c3b02ea\" role=\"button\" data-toggle=\"collapse\" data-parent=\"#accordion-1609-3\" data-target=\"#f4beee9a97c3b02ea\" href=\"#f4beee9a97c3b02ea\"><span class=\"fusion-toggle-icon-wrapper\" aria-hidden=\"true\"><i class=\"fa-fusion-box active-icon awb-icon-minus\" aria-hidden=\"true\"><\/i><i class=\"fa-fusion-box inactive-icon awb-icon-plus\" aria-hidden=\"true\"><\/i><\/span><span class=\"fusion-toggle-heading\">Comment nous adresser vos demandes ?<\/span><\/a><\/h4><\/div><div id=\"f4beee9a97c3b02ea\" class=\"panel-collapse collapse \" aria-labelledby=\"toggle_f4beee9a97c3b02ea\"><div class=\"panel-body toggle-content fusion-clearfix\">\n<p>Vous pouvez adresser vos demandes par t\u00e9l\u00e9phone : 02 54 55 46 00 ou 01 55 37 83 70 ou 01 55 37 83 83 (service clients) ou par e-mail \u00e0 l&rsquo;adresse suivante : info-medicale@lavoisier.com<\/p>\n<\/div><\/div><\/div><\/div><\/div><div class=\"fusion-clearfix\"><\/div><\/div><\/div><\/div><\/div><\/p>\n","protected":false},"excerpt":{"rendered":"","protected":false},"author":3,"featured_media":0,"parent":0,"menu_order":0,"comment_status":"closed","ping_status":"closed","template":"","meta":{"content-type":"","footnotes":""},"class_list":["post-1609","page","type-page","status-publish","hentry"],"yoast_head":"<!-- This site is optimized with the Yoast SEO plugin v27.3 - https:\/\/yoast.com\/product\/yoast-seo-wordpress\/ -->\n<title>R\u00e9ponses aux questions fr\u00e9quentes - CDM Lavoisier<\/title>\n<meta name=\"description\" content=\"Cette page vous apporte des pr\u00e9cisions sur les diff\u00e9rentes fa\u00e7ons de contacter nos \u00e9quipes pour r\u00e9pondre \u00e0 vos questions.\" \/>\n<meta name=\"robots\" content=\"index, follow, max-snippet:-1, max-image-preview:large, max-video-preview:-1\" \/>\n<link rel=\"canonical\" href=\"https:\/\/www.lavoisier.com\/fr\/faq\/\" \/>\n<meta property=\"og:locale\" content=\"fr_FR\" \/>\n<meta property=\"og:type\" content=\"article\" \/>\n<meta property=\"og:title\" content=\"R\u00e9ponses aux questions fr\u00e9quentes - CDM Lavoisier\" \/>\n<meta property=\"og:description\" content=\"Cette page vous apporte des pr\u00e9cisions sur les diff\u00e9rentes fa\u00e7ons de contacter nos \u00e9quipes pour r\u00e9pondre \u00e0 vos questions.\" \/>\n<meta property=\"og:url\" content=\"https:\/\/www.lavoisier.com\/fr\/faq\/\" \/>\n<meta property=\"og:site_name\" content=\"LAVOISIER\" \/>\n<meta property=\"article:modified_time\" content=\"2022-02-14T15:46:19+00:00\" \/>\n<meta name=\"twitter:card\" content=\"summary_large_image\" \/>\n<meta name=\"twitter:label1\" content=\"Dur\u00e9e de lecture estim\u00e9e\" \/>\n\t<meta name=\"twitter:data1\" content=\"17 minutes\" \/>\n<script type=\"application\/ld+json\" class=\"yoast-schema-graph\">{\"@context\":\"https:\\\/\\\/schema.org\",\"@graph\":[{\"@type\":\"WebPage\",\"@id\":\"https:\\\/\\\/www.lavoisier.com\\\/fr\\\/faq\\\/\",\"url\":\"https:\\\/\\\/www.lavoisier.com\\\/fr\\\/faq\\\/\",\"name\":\"R\u00e9ponses aux questions fr\u00e9quentes - CDM Lavoisier\",\"isPartOf\":{\"@id\":\"https:\\\/\\\/www.lavoisier.com\\\/fr\\\/#website\"},\"datePublished\":\"2021-11-08T15:33:31+00:00\",\"dateModified\":\"2022-02-14T15:46:19+00:00\",\"description\":\"Cette page vous apporte des pr\u00e9cisions sur les diff\u00e9rentes fa\u00e7ons de contacter nos \u00e9quipes pour r\u00e9pondre \u00e0 vos questions.\",\"breadcrumb\":{\"@id\":\"https:\\\/\\\/www.lavoisier.com\\\/fr\\\/faq\\\/#breadcrumb\"},\"inLanguage\":\"fr-FR\",\"potentialAction\":[{\"@type\":\"ReadAction\",\"target\":[\"https:\\\/\\\/www.lavoisier.com\\\/fr\\\/faq\\\/\"]}]},{\"@type\":\"BreadcrumbList\",\"@id\":\"https:\\\/\\\/www.lavoisier.com\\\/fr\\\/faq\\\/#breadcrumb\",\"itemListElement\":[{\"@type\":\"ListItem\",\"position\":1,\"name\":\"Accueil\",\"item\":\"https:\\\/\\\/www.lavoisier.com\\\/fr\\\/\"},{\"@type\":\"ListItem\",\"position\":2,\"name\":\"FAQ\"}]},{\"@type\":\"WebSite\",\"@id\":\"https:\\\/\\\/www.lavoisier.com\\\/fr\\\/#website\",\"url\":\"https:\\\/\\\/www.lavoisier.com\\\/fr\\\/\",\"name\":\"LAVOISIER\",\"description\":\"\",\"publisher\":{\"@id\":\"https:\\\/\\\/www.lavoisier.com\\\/fr\\\/#organization\"},\"potentialAction\":[{\"@type\":\"SearchAction\",\"target\":{\"@type\":\"EntryPoint\",\"urlTemplate\":\"https:\\\/\\\/www.lavoisier.com\\\/fr\\\/?s={search_term_string}\"},\"query-input\":{\"@type\":\"PropertyValueSpecification\",\"valueRequired\":true,\"valueName\":\"search_term_string\"}}],\"inLanguage\":\"fr-FR\"},{\"@type\":\"Organization\",\"@id\":\"https:\\\/\\\/www.lavoisier.com\\\/fr\\\/#organization\",\"name\":\"CDM Lavoisier\",\"url\":\"https:\\\/\\\/www.lavoisier.com\\\/fr\\\/\",\"logo\":{\"@type\":\"ImageObject\",\"inLanguage\":\"fr-FR\",\"@id\":\"https:\\\/\\\/www.lavoisier.com\\\/fr\\\/#\\\/schema\\\/logo\\\/image\\\/\",\"url\":\"https:\\\/\\\/www.lavoisier.com\\\/wp-content\\\/uploads\\\/2017\\\/06\\\/Lavoisier-logo-05.jpg\",\"contentUrl\":\"https:\\\/\\\/www.lavoisier.com\\\/wp-content\\\/uploads\\\/2017\\\/06\\\/Lavoisier-logo-05.jpg\",\"width\":220,\"height\":52,\"caption\":\"CDM Lavoisier\"},\"image\":{\"@id\":\"https:\\\/\\\/www.lavoisier.com\\\/fr\\\/#\\\/schema\\\/logo\\\/image\\\/\"},\"sameAs\":[\"https:\\\/\\\/fr.linkedin.com\\\/company\\\/cdm-lavoisier\"]}]}<\/script>\n<!-- \/ Yoast SEO plugin. -->","yoast_head_json":{"title":"R\u00e9ponses aux questions fr\u00e9quentes - CDM Lavoisier","description":"Cette page vous apporte des pr\u00e9cisions sur les diff\u00e9rentes fa\u00e7ons de contacter nos \u00e9quipes pour r\u00e9pondre \u00e0 vos questions.","robots":{"index":"index","follow":"follow","max-snippet":"max-snippet:-1","max-image-preview":"max-image-preview:large","max-video-preview":"max-video-preview:-1"},"canonical":"https:\/\/www.lavoisier.com\/fr\/faq\/","og_locale":"fr_FR","og_type":"article","og_title":"R\u00e9ponses aux questions fr\u00e9quentes - CDM Lavoisier","og_description":"Cette page vous apporte des pr\u00e9cisions sur les diff\u00e9rentes fa\u00e7ons de contacter nos \u00e9quipes pour r\u00e9pondre \u00e0 vos questions.","og_url":"https:\/\/www.lavoisier.com\/fr\/faq\/","og_site_name":"LAVOISIER","article_modified_time":"2022-02-14T15:46:19+00:00","twitter_card":"summary_large_image","twitter_misc":{"Dur\u00e9e de lecture estim\u00e9e":"17 minutes"},"schema":{"@context":"https:\/\/schema.org","@graph":[{"@type":"WebPage","@id":"https:\/\/www.lavoisier.com\/fr\/faq\/","url":"https:\/\/www.lavoisier.com\/fr\/faq\/","name":"R\u00e9ponses aux questions fr\u00e9quentes - CDM Lavoisier","isPartOf":{"@id":"https:\/\/www.lavoisier.com\/fr\/#website"},"datePublished":"2021-11-08T15:33:31+00:00","dateModified":"2022-02-14T15:46:19+00:00","description":"Cette page vous apporte des pr\u00e9cisions sur les diff\u00e9rentes fa\u00e7ons de contacter nos \u00e9quipes pour r\u00e9pondre \u00e0 vos questions.","breadcrumb":{"@id":"https:\/\/www.lavoisier.com\/fr\/faq\/#breadcrumb"},"inLanguage":"fr-FR","potentialAction":[{"@type":"ReadAction","target":["https:\/\/www.lavoisier.com\/fr\/faq\/"]}]},{"@type":"BreadcrumbList","@id":"https:\/\/www.lavoisier.com\/fr\/faq\/#breadcrumb","itemListElement":[{"@type":"ListItem","position":1,"name":"Accueil","item":"https:\/\/www.lavoisier.com\/fr\/"},{"@type":"ListItem","position":2,"name":"FAQ"}]},{"@type":"WebSite","@id":"https:\/\/www.lavoisier.com\/fr\/#website","url":"https:\/\/www.lavoisier.com\/fr\/","name":"LAVOISIER","description":"","publisher":{"@id":"https:\/\/www.lavoisier.com\/fr\/#organization"},"potentialAction":[{"@type":"SearchAction","target":{"@type":"EntryPoint","urlTemplate":"https:\/\/www.lavoisier.com\/fr\/?s={search_term_string}"},"query-input":{"@type":"PropertyValueSpecification","valueRequired":true,"valueName":"search_term_string"}}],"inLanguage":"fr-FR"},{"@type":"Organization","@id":"https:\/\/www.lavoisier.com\/fr\/#organization","name":"CDM Lavoisier","url":"https:\/\/www.lavoisier.com\/fr\/","logo":{"@type":"ImageObject","inLanguage":"fr-FR","@id":"https:\/\/www.lavoisier.com\/fr\/#\/schema\/logo\/image\/","url":"https:\/\/www.lavoisier.com\/wp-content\/uploads\/2017\/06\/Lavoisier-logo-05.jpg","contentUrl":"https:\/\/www.lavoisier.com\/wp-content\/uploads\/2017\/06\/Lavoisier-logo-05.jpg","width":220,"height":52,"caption":"CDM Lavoisier"},"image":{"@id":"https:\/\/www.lavoisier.com\/fr\/#\/schema\/logo\/image\/"},"sameAs":["https:\/\/fr.linkedin.com\/company\/cdm-lavoisier"]}]}},"_links":{"self":[{"href":"https:\/\/www.lavoisier.com\/fr\/wp-json\/wp\/v2\/pages\/1609","targetHints":{"allow":["GET"]}}],"collection":[{"href":"https:\/\/www.lavoisier.com\/fr\/wp-json\/wp\/v2\/pages"}],"about":[{"href":"https:\/\/www.lavoisier.com\/fr\/wp-json\/wp\/v2\/types\/page"}],"author":[{"embeddable":true,"href":"https:\/\/www.lavoisier.com\/fr\/wp-json\/wp\/v2\/users\/3"}],"replies":[{"embeddable":true,"href":"https:\/\/www.lavoisier.com\/fr\/wp-json\/wp\/v2\/comments?post=1609"}],"version-history":[{"count":18,"href":"https:\/\/www.lavoisier.com\/fr\/wp-json\/wp\/v2\/pages\/1609\/revisions"}],"predecessor-version":[{"id":1737,"href":"https:\/\/www.lavoisier.com\/fr\/wp-json\/wp\/v2\/pages\/1609\/revisions\/1737"}],"wp:attachment":[{"href":"https:\/\/www.lavoisier.com\/fr\/wp-json\/wp\/v2\/media?parent=1609"}],"curies":[{"name":"wp","href":"https:\/\/api.w.org\/{rel}","templated":true}]}}