{"id":913,"date":"2021-10-14T01:25:04","date_gmt":"2021-10-14T00:25:04","guid":{"rendered":"https:\/\/www.lavoisier.com\/?page_id=913"},"modified":"2021-11-02T06:34:45","modified_gmt":"2021-11-02T05:34:45","slug":"annonce-charge-approvisionnements-planification-achats","status":"publish","type":"page","link":"https:\/\/www.lavoisier.com\/fr\/annonce-charge-approvisionnements-planification-achats\/","title":{"rendered":"Annonce Charg\u00e9 Approvisionnements Planification Achats"},"content":{"rendered":"<p><div class=\"fusion-fullwidth fullwidth-box fusion-builder-row-1 nonhundred-percent-fullwidth non-hundred-percent-height-scrolling\" style=\"--awb-border-radius-top-left:0px;--awb-border-radius-top-right:0px;--awb-border-radius-bottom-right:0px;--awb-border-radius-bottom-left:0px;--awb-padding-top:20px;--awb-padding-bottom:0px;--awb-flex-wrap:wrap;\" ><div class=\"fusion-builder-row fusion-row\"><div class=\"fusion-layout-column fusion_builder_column fusion-builder-column-0 fusion_builder_column_3_4 3_4 fusion-three-fourth fusion-column-first\" style=\"--awb-padding-top:15px;--awb-padding-right:15px;--awb-padding-bottom:15px;--awb-padding-left:15px;--awb-bg-size:cover;width:75%;width:calc(75% - ( ( 4% ) * 0.75 ) );margin-right: 4%;\"><div class=\"fusion-column-wrapper fusion-flex-column-wrapper-legacy\"><div class=\"fusion-title title fusion-title-1 fusion-sep-none fusion-title-text fusion-title-size-one\" style=\"--awb-text-color:#114763;--awb-margin-bottom:0px;\"><h1 class=\"fusion-title-heading title-heading-left\" style=\"margin:0;\">Espace emploi : nos offres d&#8217;emploi<\/h1><\/div><div class=\"fusion-clearfix\"><\/div><\/div><\/div><div class=\"fusion-layout-column fusion_builder_column fusion-builder-column-1 fusion_builder_column_1_4 1_4 fusion-one-fourth fusion-column-last\" style=\"--awb-padding-top:15px;--awb-padding-right:15px;--awb-padding-bottom:15px;--awb-padding-left:15px;--awb-bg-size:cover;width:25%;width:calc(25% - ( ( 4% ) * 0.25 ) );\"><div class=\"fusion-column-wrapper fusion-flex-column-wrapper-legacy\"><div class=\"fusion-alignright\"><a class=\"fusion-button button-flat button-small button-default fusion-button-default button-1 fusion-button-default-span fusion-button-default-type\" target=\"_self\" href=\"\/offres-demploi-liste\/\"><i class=\"fa-list fas button-icon-left\" aria-hidden=\"true\"><\/i><span class=\"fusion-button-text\">Retour \u00e0 la liste d&rsquo;annonces<\/span><\/a><\/div><div class=\"fusion-sep-clear\"><\/div><div class=\"fusion-separator fusion-full-width-sep\" style=\"margin-left: auto;margin-right: auto;margin-top:30px;width:100%;\"><\/div><div class=\"fusion-sep-clear\"><\/div><div class=\"fusion-clearfix\"><\/div><\/div><\/div><div class=\"fusion-layout-column fusion_builder_column fusion-builder-column-2 fusion_builder_column_1_1 1_1 fusion-one-full fusion-column-first fusion-column-last\" style=\"--awb-padding-top:15px;--awb-padding-right:15px;--awb-padding-bottom:15px;--awb-padding-left:15px;--awb-bg-size:cover;\"><div class=\"fusion-column-wrapper fusion-flex-column-wrapper-legacy\"><div class=\"fusion-title title fusion-title-2 fusion-sep-none fusion-title-center fusion-title-text fusion-title-size-two\" style=\"--awb-margin-bottom:12px;\"><h2 class=\"fusion-title-heading title-heading-center\" style=\"margin:0;\"><span class=\"s1\">CHARGE(E) APPROVISIONNEMENTS\/ PLANIFICATION \/ ACHATS <\/span> (H\/F)<\/h2><\/div><div class=\"fusion-title title fusion-title-3 fusion-sep-none fusion-title-center fusion-title-text fusion-title-size-three\"><h3 class=\"fusion-title-heading title-heading-center\" style=\"margin:0;\">CDI<\/h3><\/div><div class=\"fusion-text fusion-text-1\"><p>Industrie, n\u00e9gociation, qualit\u00e9, co\u00fbts, d\u00e9lais\u2026 Ces termes vous sont familiers ? Aucun doute, votre place est s\u00fbrement parmi nous !<\/p>\n<p>Rattach\u00e9(e) au Responsable Production, Achats, Planification, vous \u00eates garant(e) d\u2019assurer la coordination des flux physiques de mati\u00e8res et de produits de mani\u00e8re \u00e0 satisfaire les demandes continues et constantes des services et des clients.<\/p>\n<p>En d\u00e9tail, nous vous confions plus particuli\u00e8rement les missions suivantes :<br \/>\n<strong><br \/>\nActivit\u00e9s Planification<\/strong><\/p>\n<ul>\n<li>Construire le planning \u00e0 trois mois en collaboration avec les services op\u00e9rationnels en fonction des stocks de produits finis, des commandes de sous-traitance et des capacit\u00e9s de production<\/li>\n<\/ul>\n<p><strong>Activit\u00e9s Approvisionnement<\/strong><\/p>\n<ul>\n<li>Lancer les ordres de fabrication et conditionnement en fonction des \u00e9l\u00e9ments de planification,<\/li>\n<li>D\u00e9finir les approvisionnements \u00e0 l\u2019aide de l\u2019ERP en fonction de la planification des OF,<\/li>\n<li>Etre au quotidien en relation avec nos fournisseurs, animer ces relations (litiges, suivi,\u2026),<\/li>\n<li>Participer \u00e0 la r\u00e9alisation de l\u2019\u00e9valuation des fournisseurs,<\/li>\n<li>Elaborer les plans d\u2019actions n\u00e9cessaires pour garantir la s\u00e9curit\u00e9 de nos approvisionnements.<\/li>\n<\/ul>\n<p><strong>Activit\u00e9s Achats<\/strong><\/p>\n<ul>\n<li>Traiter les demandes d\u2019achats \u00e9mises par le service production,<\/li>\n<li>Rechercher, et participer \u00e0 la s\u00e9lection et la qualification des nouveaux fournisseurs,<\/li>\n<li>R\u00e9aliser des appels d\u2019offres et analyser les propositions des fournisseurs,<\/li>\n<li>N\u00e9gocier des achats aux conditions optimales de prix, d\u00e9lais et qualit\u00e9,<\/li>\n<li>Etablir les cahiers des charges,<\/li>\n<li>Mener les audits fournisseurs en collaboration avec le service Assurance Qualit\u00e9.<\/li>\n<\/ul>\n<\/div><div class=\"fusion-clearfix\"><\/div><\/div><\/div><\/div><\/div><div class=\"fusion-fullwidth fullwidth-box fusion-builder-row-2 nonhundred-percent-fullwidth non-hundred-percent-height-scrolling\" style=\"--awb-border-radius-top-left:0px;--awb-border-radius-top-right:0px;--awb-border-radius-bottom-right:0px;--awb-border-radius-bottom-left:0px;--awb-flex-wrap:wrap;\" ><div class=\"fusion-builder-row fusion-row\"><div class=\"fusion-layout-column fusion_builder_column fusion-builder-column-3 fusion_builder_column_1_1 1_1 fusion-one-full fusion-column-first fusion-column-last\" style=\"--awb-padding-top:15px;--awb-padding-right:15px;--awb-padding-bottom:15px;--awb-padding-left:15px;--awb-overflow:hidden;--awb-bg-color:#ededed;--awb-bg-color-hover:#ededed;--awb-bg-size:cover;--awb-border-radius:15px 15px 15px 15px;\"><div class=\"fusion-column-wrapper fusion-column-has-shadow fusion-flex-column-wrapper-legacy\"><div class=\"fusion-text fusion-text-2\"><h3>Profil recherch\u00e9<\/h3>\n<p>Titulaire d\u2019un BAC +5, vous disposez d\u2019une premi\u00e8re exp\u00e9rience au sein d\u2019un laboratoire de contr\u00f4le qualit\u00e9. Une exp\u00e9rience en management d\u2019\u00e9quipe serait un r\u00e9el atout.<\/p>\n<p>Vous vous appuyez sur de solides connaissances scientifiques en physico chimie (HPLC, SAA, &#8230;) et en microbiologie. La connaissance des techniques d\u2019analyse relatives aux formes injectables serait un plus. Vous maitrisez les r\u00e9f\u00e9rentiels applicables: BPF, Pharmacop\u00e9e Europ\u00e9enne.<br \/>\nVous maitrisez l\u2019outil informatique.<\/p>\n<p>Vous \u00eates dot\u00e9(e) de r\u00e9elles qualit\u00e9s relationnelles afin d\u2019encadrer une \u00e9quipe. Vous savez faire preuve de r\u00e9activit\u00e9 et de prise de d\u00e9cisions. Vous \u00eates reconnu(e) pour vos qualit\u00e9s de rigueur, d\u2019organisation et d\u2019autonomie, ce poste est fait pour vous !<\/p>\n<p>Au-del\u00e0 des avantages salari\u00e9s que nous proposons (CSE, tickets restaurants, participation, int\u00e9ressement, prime annuelle,&#8230;), c&rsquo;est une belle aventure que nous souhaitons vous offrir.<\/p>\n<\/div><div class=\"fusion-clearfix\"><\/div><\/div><\/div><\/div><\/div><div class=\"fusion-fullwidth fullwidth-box fusion-builder-row-3 nonhundred-percent-fullwidth non-hundred-percent-height-scrolling\" style=\"--awb-border-radius-top-left:0px;--awb-border-radius-top-right:0px;--awb-border-radius-bottom-right:0px;--awb-border-radius-bottom-left:0px;--awb-flex-wrap:wrap;\" ><div class=\"fusion-builder-row fusion-row\"><div class=\"fusion-layout-column fusion_builder_column fusion-builder-column-4 fusion_builder_column_1_4 1_4 fusion-one-fourth fusion-column-first\" style=\"--awb-bg-size:cover;width:25%;width:calc(25% - ( ( 4% + 4% ) * 0.25 ) );margin-right: 4%;\"><div class=\"fusion-column-wrapper fusion-column-has-shadow fusion-flex-column-wrapper-legacy\"><div class=\"fusion-clearfix\"><\/div><\/div><\/div><div class=\"fusion-layout-column fusion_builder_column fusion-builder-column-5 fusion_builder_column_1_2 1_2 fusion-one-half\" style=\"--awb-bg-size:cover;width:50%;width:calc(50% - ( ( 4% + 4% ) * 0.5 ) );margin-right: 4%;\"><div class=\"fusion-column-wrapper fusion-column-has-shadow fusion-flex-column-wrapper-legacy\"><div class=\"fusion-text fusion-text-3\"><p style=\"text-align: center;\">Si vous \u00eates int\u00e9ress\u00e9(e) par cette opportunit\u00e9, merci de nous transmettre votre candidature en remplissant le formulaire ci-dessous.<\/p>\n<\/div>\n<div class=\"wpcf7 no-js\" id=\"wpcf7-f474-o1\" lang=\"fr-FR\" dir=\"ltr\" data-wpcf7-id=\"474\">\n<div class=\"screen-reader-response\"><p role=\"status\" aria-live=\"polite\" aria-atomic=\"true\"><\/p> <ul><\/ul><\/div>\n<form action=\"\/fr\/wp-json\/wp\/v2\/pages\/913#wpcf7-f474-o1\" method=\"post\" class=\"wpcf7-form init\" aria-label=\"Formulaire de contact\" enctype=\"multipart\/form-data\" novalidate=\"novalidate\" data-status=\"init\">\n<fieldset class=\"hidden-fields-container\"><input type=\"hidden\" name=\"_wpcf7\" value=\"474\" \/><input type=\"hidden\" name=\"_wpcf7_version\" value=\"6.1.5\" \/><input type=\"hidden\" name=\"_wpcf7_locale\" value=\"fr_FR\" \/><input type=\"hidden\" name=\"_wpcf7_unit_tag\" value=\"wpcf7-f474-o1\" \/><input type=\"hidden\" name=\"_wpcf7_container_post\" value=\"0\" \/><input type=\"hidden\" name=\"_wpcf7_posted_data_hash\" value=\"\" \/><input type=\"hidden\" name=\"_wpcf7cf_hidden_group_fields\" value=\"[]\" \/><input type=\"hidden\" name=\"_wpcf7cf_hidden_groups\" value=\"[]\" \/><input type=\"hidden\" name=\"_wpcf7cf_visible_groups\" value=\"[]\" \/><input type=\"hidden\" name=\"_wpcf7cf_repeaters\" value=\"[]\" \/><input type=\"hidden\" name=\"_wpcf7cf_steps\" value=\"{}\" \/><input type=\"hidden\" name=\"_wpcf7cf_options\" value=\"{&quot;form_id&quot;:474,&quot;conditions&quot;:[],&quot;settings&quot;:{&quot;animation&quot;:&quot;yes&quot;,&quot;animation_intime&quot;:200,&quot;animation_outtime&quot;:200,&quot;conditions_ui&quot;:&quot;normal&quot;,&quot;notice_dismissed&quot;:false,&quot;notice_dismissed_update-cf7-5.4.2&quot;:true,&quot;notice_dismissed_update-cf7-5.6&quot;:true,&quot;notice_dismissed_update-cf7-5.8.2&quot;:true,&quot;notice_dismissed_rollback-cf7-6.1.4&quot;:true}}\" \/><input type=\"hidden\" name=\"_uacf7_hidden_conditional_fields\" value=\"\" \/><input type=\"hidden\" name=\"_wpcf7_recaptcha_response\" value=\"\" \/>\n<\/fieldset>\n<div class=\"uacf7-form-474  \"><label> Votre nom (*)\n    <span class=\"wpcf7-form-control-wrap\" data-name=\"nom\"><input size=\"40\" maxlength=\"400\" class=\"wpcf7-form-control wpcf7-text wpcf7-validates-as-required\" aria-required=\"true\" aria-invalid=\"false\" value=\"\" type=\"text\" name=\"nom\" \/><\/span> <\/label>\n\n<label> Votre pr\u00e9nom (*)\n    <span class=\"wpcf7-form-control-wrap\" data-name=\"prenom\"><input size=\"40\" maxlength=\"400\" class=\"wpcf7-form-control wpcf7-text wpcf7-validates-as-required\" aria-required=\"true\" aria-invalid=\"false\" value=\"\" type=\"text\" name=\"prenom\" \/><\/span> <\/label>\n\n<label> Votre adresse email (*)\n    <span class=\"wpcf7-form-control-wrap\" data-name=\"your-email\"><input size=\"40\" maxlength=\"400\" class=\"wpcf7-form-control wpcf7-email wpcf7-validates-as-required wpcf7-text wpcf7-validates-as-email\" aria-required=\"true\" aria-invalid=\"false\" value=\"\" type=\"email\" name=\"your-email\" \/><\/span> <\/label>\n\n<label> Votre CV (PDF\/DOC) (*)\n    <span class=\"wpcf7-form-control-wrap\" data-name=\"file-390\"><input size=\"40\" class=\"wpcf7-form-control wpcf7-file\" accept=\".pdf\" aria-invalid=\"false\" type=\"file\" name=\"file-390\" \/><\/span> <\/label>\n\n<label> Votre lettre de motivation (PDF\/DOC)\n    <span class=\"wpcf7-form-control-wrap\" data-name=\"file-400\"><input size=\"40\" class=\"wpcf7-form-control wpcf7-file\" accept=\".pdf,.doc,.docx\" aria-invalid=\"false\" type=\"file\" name=\"file-400\" \/><\/span> <\/label>\n\n<label> Votre message\n    <span class=\"wpcf7-form-control-wrap\" data-name=\"your-message\"><textarea cols=\"40\" rows=\"10\" maxlength=\"2000\" class=\"wpcf7-form-control wpcf7-textarea\" aria-invalid=\"false\" name=\"your-message\"><\/textarea><\/span> <\/label>\n\n<label> RGPD (*)<\/label>\n    <span class=\"wpcf7-form-control-wrap\" data-name=\"acceptance-rgpd\"><span class=\"wpcf7-form-control wpcf7-acceptance\"><span class=\"wpcf7-list-item\"><label><input type=\"checkbox\" name=\"acceptance-rgpd\" value=\"1\" aria-invalid=\"false\" \/><span class=\"wpcf7-list-item-label\">En cochant, je confirme avoir pris connaissance et accepter la politique de confidentialit\u00e9 de CDM Lavoisier <a href=\"https:\/\/www.lavoisier.com\/fr\/rgpd\/\" target=\"_blank\"> (Voir la page RGPD)<\/a><\/span><\/label><\/span><\/span><\/span>\n\n\n<span class=\"wpcf7-form-control-wrap recaptcha\" data-name=\"recaptcha\"><span data-sitekey=\"6LdqzzodAAAAANup13t5R-2tRsHxEXiOaHvtfIWz\" class=\"wpcf7-form-control wpcf7-recaptcha g-recaptcha\"><\/span>\r\n<noscript>\r\n\t<div class=\"grecaptcha-noscript\">\r\n\t\t<iframe class=\"lazyload\" src=\"data:image\/svg+xml,%3Csvg%20xmlns%3D%27http%3A%2F%2Fwww.w3.org%2F2000%2Fsvg%27%20width%3D%27310%27%20height%3D%27430%27%20viewBox%3D%270%200%20310%20430%27%3E%3Crect%20width%3D%27310%27%20height%3D%27430%27%20fill-opacity%3D%220%22%2F%3E%3C%2Fsvg%3E\" data-orig-src=\"https:\/\/www.google.com\/recaptcha\/api\/fallback?k=6LdqzzodAAAAANup13t5R-2tRsHxEXiOaHvtfIWz\" frameborder=\"0\" scrolling=\"no\" width=\"310\" height=\"430\">\r\n\t\t<\/iframe>\r\n\t\t<textarea name=\"g-recaptcha-response\" rows=\"3\" cols=\"40\" placeholder=\"reCaptcha Response Here\">\r\n\t\t<\/textarea>\r\n\t<\/div>\r\n<\/noscript>\r\n<\/span>\n<div class=\"fusion-alert alert custom alert-custom fusion-alert-center wpcf7-response-output fusion-alert-capitalize awb-alert-native-link-color alert-dismissable awb-alert-close-boxed\" style=\"--awb-border-top-left-radius:0px;--awb-border-top-right-radius:0px;--awb-border-bottom-left-radius:0px;--awb-border-bottom-right-radius:0px;\" role=\"alert\"><div class=\"fusion-alert-content-wrapper\"><span class=\"fusion-alert-content\"><\/span><\/div><button type=\"button\" class=\"close toggle-alert\" data-dismiss=\"alert\" aria-label=\"Close\">&times;<\/button><\/div>\n\n<input class=\"wpcf7-form-control wpcf7-submit has-spinner\" type=\"submit\" value=\"Envoyer ma candidature\" \/><\/div>\n<\/form>\n<\/div>\n<div class=\"fusion-clearfix\"><\/div><\/div><\/div><div class=\"fusion-layout-column fusion_builder_column fusion-builder-column-6 fusion_builder_column_1_4 1_4 fusion-one-fourth fusion-column-last\" style=\"--awb-bg-size:cover;width:25%;width:calc(25% - ( ( 4% + 4% ) * 0.25 ) );\"><div class=\"fusion-column-wrapper fusion-column-has-shadow fusion-flex-column-wrapper-legacy\"><div class=\"fusion-clearfix\"><\/div><\/div><\/div><\/div><\/div><\/p>\n","protected":false},"excerpt":{"rendered":"","protected":false},"author":3,"featured_media":0,"parent":0,"menu_order":0,"comment_status":"closed","ping_status":"closed","template":"","meta":{"content-type":"","footnotes":""},"class_list":["post-913","page","type-page","status-publish","hentry"],"yoast_head":"<!-- This site is optimized with the Yoast SEO plugin v27.3 - https:\/\/yoast.com\/product\/yoast-seo-wordpress\/ -->\n<title>Annonce Charg\u00e9 Approvisionnements Planification Achats - LAVOISIER<\/title>\n<meta name=\"robots\" content=\"index, follow, max-snippet:-1, max-image-preview:large, max-video-preview:-1\" \/>\n<link rel=\"canonical\" href=\"https:\/\/www.lavoisier.com\/fr\/annonce-charge-approvisionnements-planification-achats\/\" \/>\n<meta property=\"og:locale\" content=\"fr_FR\" \/>\n<meta property=\"og:type\" content=\"article\" \/>\n<meta property=\"og:title\" content=\"Annonce Charg\u00e9 Approvisionnements Planification Achats - LAVOISIER\" \/>\n<meta property=\"og:url\" content=\"https:\/\/www.lavoisier.com\/fr\/annonce-charge-approvisionnements-planification-achats\/\" \/>\n<meta property=\"og:site_name\" content=\"LAVOISIER\" \/>\n<meta property=\"article:modified_time\" content=\"2021-11-02T05:34:45+00:00\" \/>\n<meta name=\"twitter:card\" content=\"summary_large_image\" \/>\n<meta name=\"twitter:label1\" content=\"Dur\u00e9e de lecture estim\u00e9e\" \/>\n\t<meta name=\"twitter:data1\" content=\"12 minutes\" \/>\n<script type=\"application\/ld+json\" class=\"yoast-schema-graph\">{\"@context\":\"https:\\\/\\\/schema.org\",\"@graph\":[{\"@type\":\"WebPage\",\"@id\":\"https:\\\/\\\/www.lavoisier.com\\\/fr\\\/annonce-charge-approvisionnements-planification-achats\\\/\",\"url\":\"https:\\\/\\\/www.lavoisier.com\\\/fr\\\/annonce-charge-approvisionnements-planification-achats\\\/\",\"name\":\"Annonce Charg\u00e9 Approvisionnements Planification Achats - LAVOISIER\",\"isPartOf\":{\"@id\":\"https:\\\/\\\/www.lavoisier.com\\\/fr\\\/#website\"},\"datePublished\":\"2021-10-14T00:25:04+00:00\",\"dateModified\":\"2021-11-02T05:34:45+00:00\",\"breadcrumb\":{\"@id\":\"https:\\\/\\\/www.lavoisier.com\\\/fr\\\/annonce-charge-approvisionnements-planification-achats\\\/#breadcrumb\"},\"inLanguage\":\"fr-FR\",\"potentialAction\":[{\"@type\":\"ReadAction\",\"target\":[\"https:\\\/\\\/www.lavoisier.com\\\/fr\\\/annonce-charge-approvisionnements-planification-achats\\\/\"]}]},{\"@type\":\"BreadcrumbList\",\"@id\":\"https:\\\/\\\/www.lavoisier.com\\\/fr\\\/annonce-charge-approvisionnements-planification-achats\\\/#breadcrumb\",\"itemListElement\":[{\"@type\":\"ListItem\",\"position\":1,\"name\":\"Accueil\",\"item\":\"https:\\\/\\\/www.lavoisier.com\\\/fr\\\/\"},{\"@type\":\"ListItem\",\"position\":2,\"name\":\"Annonce Charg\u00e9 Approvisionnements Planification Achats\"}]},{\"@type\":\"WebSite\",\"@id\":\"https:\\\/\\\/www.lavoisier.com\\\/fr\\\/#website\",\"url\":\"https:\\\/\\\/www.lavoisier.com\\\/fr\\\/\",\"name\":\"LAVOISIER\",\"description\":\"\",\"publisher\":{\"@id\":\"https:\\\/\\\/www.lavoisier.com\\\/fr\\\/#organization\"},\"potentialAction\":[{\"@type\":\"SearchAction\",\"target\":{\"@type\":\"EntryPoint\",\"urlTemplate\":\"https:\\\/\\\/www.lavoisier.com\\\/fr\\\/?s={search_term_string}\"},\"query-input\":{\"@type\":\"PropertyValueSpecification\",\"valueRequired\":true,\"valueName\":\"search_term_string\"}}],\"inLanguage\":\"fr-FR\"},{\"@type\":\"Organization\",\"@id\":\"https:\\\/\\\/www.lavoisier.com\\\/fr\\\/#organization\",\"name\":\"CDM Lavoisier\",\"url\":\"https:\\\/\\\/www.lavoisier.com\\\/fr\\\/\",\"logo\":{\"@type\":\"ImageObject\",\"inLanguage\":\"fr-FR\",\"@id\":\"https:\\\/\\\/www.lavoisier.com\\\/fr\\\/#\\\/schema\\\/logo\\\/image\\\/\",\"url\":\"https:\\\/\\\/www.lavoisier.com\\\/wp-content\\\/uploads\\\/2017\\\/06\\\/Lavoisier-logo-05.jpg\",\"contentUrl\":\"https:\\\/\\\/www.lavoisier.com\\\/wp-content\\\/uploads\\\/2017\\\/06\\\/Lavoisier-logo-05.jpg\",\"width\":220,\"height\":52,\"caption\":\"CDM Lavoisier\"},\"image\":{\"@id\":\"https:\\\/\\\/www.lavoisier.com\\\/fr\\\/#\\\/schema\\\/logo\\\/image\\\/\"},\"sameAs\":[\"https:\\\/\\\/fr.linkedin.com\\\/company\\\/cdm-lavoisier\"]}]}<\/script>\n<!-- \/ Yoast SEO plugin. -->","yoast_head_json":{"title":"Annonce Charg\u00e9 Approvisionnements Planification Achats - LAVOISIER","robots":{"index":"index","follow":"follow","max-snippet":"max-snippet:-1","max-image-preview":"max-image-preview:large","max-video-preview":"max-video-preview:-1"},"canonical":"https:\/\/www.lavoisier.com\/fr\/annonce-charge-approvisionnements-planification-achats\/","og_locale":"fr_FR","og_type":"article","og_title":"Annonce Charg\u00e9 Approvisionnements Planification Achats - LAVOISIER","og_url":"https:\/\/www.lavoisier.com\/fr\/annonce-charge-approvisionnements-planification-achats\/","og_site_name":"LAVOISIER","article_modified_time":"2021-11-02T05:34:45+00:00","twitter_card":"summary_large_image","twitter_misc":{"Dur\u00e9e de lecture estim\u00e9e":"12 minutes"},"schema":{"@context":"https:\/\/schema.org","@graph":[{"@type":"WebPage","@id":"https:\/\/www.lavoisier.com\/fr\/annonce-charge-approvisionnements-planification-achats\/","url":"https:\/\/www.lavoisier.com\/fr\/annonce-charge-approvisionnements-planification-achats\/","name":"Annonce Charg\u00e9 Approvisionnements Planification Achats - LAVOISIER","isPartOf":{"@id":"https:\/\/www.lavoisier.com\/fr\/#website"},"datePublished":"2021-10-14T00:25:04+00:00","dateModified":"2021-11-02T05:34:45+00:00","breadcrumb":{"@id":"https:\/\/www.lavoisier.com\/fr\/annonce-charge-approvisionnements-planification-achats\/#breadcrumb"},"inLanguage":"fr-FR","potentialAction":[{"@type":"ReadAction","target":["https:\/\/www.lavoisier.com\/fr\/annonce-charge-approvisionnements-planification-achats\/"]}]},{"@type":"BreadcrumbList","@id":"https:\/\/www.lavoisier.com\/fr\/annonce-charge-approvisionnements-planification-achats\/#breadcrumb","itemListElement":[{"@type":"ListItem","position":1,"name":"Accueil","item":"https:\/\/www.lavoisier.com\/fr\/"},{"@type":"ListItem","position":2,"name":"Annonce Charg\u00e9 Approvisionnements Planification Achats"}]},{"@type":"WebSite","@id":"https:\/\/www.lavoisier.com\/fr\/#website","url":"https:\/\/www.lavoisier.com\/fr\/","name":"LAVOISIER","description":"","publisher":{"@id":"https:\/\/www.lavoisier.com\/fr\/#organization"},"potentialAction":[{"@type":"SearchAction","target":{"@type":"EntryPoint","urlTemplate":"https:\/\/www.lavoisier.com\/fr\/?s={search_term_string}"},"query-input":{"@type":"PropertyValueSpecification","valueRequired":true,"valueName":"search_term_string"}}],"inLanguage":"fr-FR"},{"@type":"Organization","@id":"https:\/\/www.lavoisier.com\/fr\/#organization","name":"CDM Lavoisier","url":"https:\/\/www.lavoisier.com\/fr\/","logo":{"@type":"ImageObject","inLanguage":"fr-FR","@id":"https:\/\/www.lavoisier.com\/fr\/#\/schema\/logo\/image\/","url":"https:\/\/www.lavoisier.com\/wp-content\/uploads\/2017\/06\/Lavoisier-logo-05.jpg","contentUrl":"https:\/\/www.lavoisier.com\/wp-content\/uploads\/2017\/06\/Lavoisier-logo-05.jpg","width":220,"height":52,"caption":"CDM Lavoisier"},"image":{"@id":"https:\/\/www.lavoisier.com\/fr\/#\/schema\/logo\/image\/"},"sameAs":["https:\/\/fr.linkedin.com\/company\/cdm-lavoisier"]}]}},"_links":{"self":[{"href":"https:\/\/www.lavoisier.com\/fr\/wp-json\/wp\/v2\/pages\/913","targetHints":{"allow":["GET"]}}],"collection":[{"href":"https:\/\/www.lavoisier.com\/fr\/wp-json\/wp\/v2\/pages"}],"about":[{"href":"https:\/\/www.lavoisier.com\/fr\/wp-json\/wp\/v2\/types\/page"}],"author":[{"embeddable":true,"href":"https:\/\/www.lavoisier.com\/fr\/wp-json\/wp\/v2\/users\/3"}],"replies":[{"embeddable":true,"href":"https:\/\/www.lavoisier.com\/fr\/wp-json\/wp\/v2\/comments?post=913"}],"version-history":[{"count":3,"href":"https:\/\/www.lavoisier.com\/fr\/wp-json\/wp\/v2\/pages\/913\/revisions"}],"predecessor-version":[{"id":1198,"href":"https:\/\/www.lavoisier.com\/fr\/wp-json\/wp\/v2\/pages\/913\/revisions\/1198"}],"wp:attachment":[{"href":"https:\/\/www.lavoisier.com\/fr\/wp-json\/wp\/v2\/media?parent=913"}],"curies":[{"name":"wp","href":"https:\/\/api.w.org\/{rel}","templated":true}]}}